{"id":1718,"date":"2022-08-12T11:42:44","date_gmt":"2022-08-12T09:42:44","guid":{"rendered":"https:\/\/panna.si\/shop\/uncategorized\/notranja-vitrina-na-zaklepanje-z-drsnimi-vrati-scsl\/"},"modified":"2022-10-05T10:19:57","modified_gmt":"2022-10-05T08:19:57","slug":"internal-display-case-on-scsl-sliding-door-lock","status":"publish","type":"product","link":"https:\/\/panna.si\/en\/shop\/visual-communications\/internal-display-case-on-scsl-sliding-door-lock\/","title":{"rendered":"Internal display case on SCSL sliding door lock"},"content":{"rendered":"<p>[vc_row][vc_column][vc_column_text]Just push the door and attach the message with simple magnets to the metal back wall. It is equipped with round brushed and secure corner edges. With a design that gives a soft and professional appeal, the inner lock case is ready to open for your messages.<\/p>\n<p>Internal depth 30 mm<\/p>\n<p>Sliding front plates of 4 mm transparent tempered lockable safety glass.<\/p>\n<p><strong>Dimensions:<\/strong> 6xA4 to 24xA4[\/vc_column_text][\/vc_column][\/vc_row]<\/p>\n","protected":false},"excerpt":{"rendered":"<p>Choose a simpler and safer way to open the showcase with a sliding door on the lock!<\/p>\n<h3><\/h3>\n","protected":false},"featured_media":1452,"template":"","meta":[],"product_cat":[157],"product_tag":[],"yoast_head":"<!-- This site is optimized with the Yoast SEO plugin v17.3 - https:\/\/yoast.com\/wordpress\/plugins\/seo\/ -->\n<title>Internal display case on SCSL sliding door lock - Panna d.o.o.<\/title>\n<meta name=\"robots\" content=\"index, follow, max-snippet:-1, max-image-preview:large, max-video-preview:-1\" \/>\n<link rel=\"canonical\" href=\"https:\/\/panna.si\/en\/shop\/visual-communications\/internal-display-case-on-scsl-sliding-door-lock\/\" \/>\n<meta property=\"og:locale\" content=\"en_US\" \/>\n<meta property=\"og:type\" content=\"article\" \/>\n<meta property=\"og:title\" content=\"Internal display case on SCSL sliding door lock - Panna d.o.o.\" \/>\n<meta property=\"og:description\" content=\"Choose a simpler and safer way to open the showcase with a sliding door on the lock!\" \/>\n<meta property=\"og:url\" content=\"https:\/\/panna.si\/en\/shop\/visual-communications\/internal-display-case-on-scsl-sliding-door-lock\/\" \/>\n<meta property=\"og:site_name\" content=\"Panna d.o.o.\" \/>\n<meta property=\"article:modified_time\" content=\"2022-10-05T08:19:57+00:00\" \/>\n<meta property=\"og:image\" content=\"https:\/\/panna.si\/wp-content\/uploads\/2022\/08\/notranja-vitrina-na-zaklepanje-z-drsnimi-vrati-scsl-3.jpg\" \/>\n\t<meta property=\"og:image:width\" content=\"1000\" \/>\n\t<meta property=\"og:image:height\" content=\"1000\" \/>\n<meta name=\"twitter:card\" content=\"summary_large_image\" \/>\n<meta name=\"twitter:label1\" content=\"Est. reading time\" \/>\n\t<meta name=\"twitter:data1\" content=\"1 minute\" \/>\n<script type=\"application\/ld+json\" class=\"yoast-schema-graph\">{\"@context\":\"https:\/\/schema.org\",\"@graph\":[{\"@type\":\"WebSite\",\"@id\":\"https:\/\/panna.si\/en\/#website\",\"url\":\"https:\/\/panna.si\/en\/\",\"name\":\"Panna d.o.o.\",\"description\":\"\\u0160e eno spleti\\u0161\\u010de WordPress\",\"potentialAction\":[{\"@type\":\"SearchAction\",\"target\":{\"@type\":\"EntryPoint\",\"urlTemplate\":\"https:\/\/panna.si\/en\/?s={search_term_string}\"},\"query-input\":\"required name=search_term_string\"}],\"inLanguage\":\"en-US\"},{\"@type\":\"ImageObject\",\"@id\":\"https:\/\/panna.si\/en\/shop\/visual-communications\/internal-display-case-on-scsl-sliding-door-lock\/#primaryimage\",\"inLanguage\":\"en-US\",\"url\":\"https:\/\/panna.si\/wp-content\/uploads\/2022\/08\/notranja-vitrina-na-zaklepanje-z-drsnimi-vrati-scsl-3.jpg\",\"contentUrl\":\"https:\/\/panna.si\/wp-content\/uploads\/2022\/08\/notranja-vitrina-na-zaklepanje-z-drsnimi-vrati-scsl-3.jpg\",\"width\":1000,\"height\":1000},{\"@type\":\"WebPage\",\"@id\":\"https:\/\/panna.si\/en\/shop\/visual-communications\/internal-display-case-on-scsl-sliding-door-lock\/#webpage\",\"url\":\"https:\/\/panna.si\/en\/shop\/visual-communications\/internal-display-case-on-scsl-sliding-door-lock\/\",\"name\":\"Internal display case on SCSL sliding door lock - Panna d.o.o.\",\"isPartOf\":{\"@id\":\"https:\/\/panna.si\/en\/#website\"},\"primaryImageOfPage\":{\"@id\":\"https:\/\/panna.si\/en\/shop\/visual-communications\/internal-display-case-on-scsl-sliding-door-lock\/#primaryimage\"},\"datePublished\":\"2022-08-12T09:42:44+00:00\",\"dateModified\":\"2022-10-05T08:19:57+00:00\",\"breadcrumb\":{\"@id\":\"https:\/\/panna.si\/en\/shop\/visual-communications\/internal-display-case-on-scsl-sliding-door-lock\/#breadcrumb\"},\"inLanguage\":\"en-US\",\"potentialAction\":[{\"@type\":\"ReadAction\",\"target\":[\"https:\/\/panna.si\/en\/shop\/visual-communications\/internal-display-case-on-scsl-sliding-door-lock\/\"]}]},{\"@type\":\"BreadcrumbList\",\"@id\":\"https:\/\/panna.si\/en\/shop\/visual-communications\/internal-display-case-on-scsl-sliding-door-lock\/#breadcrumb\",\"itemListElement\":[{\"@type\":\"ListItem\",\"position\":1,\"name\":\"Home\",\"item\":\"https:\/\/panna.si\/en\/\"},{\"@type\":\"ListItem\",\"position\":2,\"name\":\"Shop\",\"item\":\"https:\/\/panna.si\/en\/shop\/\"},{\"@type\":\"ListItem\",\"position\":3,\"name\":\"Visual communications\",\"item\":\"https:\/\/panna.si\/en\/product-category\/visual-communications\/\"},{\"@type\":\"ListItem\",\"position\":4,\"name\":\"Internal display case on SCSL sliding door lock\"}]}]}<\/script>\n<!-- \/ Yoast SEO plugin. -->","yoast_head_json":{"title":"Internal display case on SCSL sliding door lock - Panna d.o.o.","robots":{"index":"index","follow":"follow","max-snippet":"max-snippet:-1","max-image-preview":"max-image-preview:large","max-video-preview":"max-video-preview:-1"},"canonical":"https:\/\/panna.si\/en\/shop\/visual-communications\/internal-display-case-on-scsl-sliding-door-lock\/","og_locale":"en_US","og_type":"article","og_title":"Internal display case on SCSL sliding door lock - Panna d.o.o.","og_description":"Choose a simpler and safer way to open the showcase with a sliding door on the lock!","og_url":"https:\/\/panna.si\/en\/shop\/visual-communications\/internal-display-case-on-scsl-sliding-door-lock\/","og_site_name":"Panna d.o.o.","article_modified_time":"2022-10-05T08:19:57+00:00","og_image":[{"width":1000,"height":1000,"url":"https:\/\/panna.si\/wp-content\/uploads\/2022\/08\/notranja-vitrina-na-zaklepanje-z-drsnimi-vrati-scsl-3.jpg","type":"image\/jpeg"}],"twitter_card":"summary_large_image","twitter_misc":{"Est. reading time":"1 minute"},"schema":{"@context":"https:\/\/schema.org","@graph":[{"@type":"WebSite","@id":"https:\/\/panna.si\/en\/#website","url":"https:\/\/panna.si\/en\/","name":"Panna d.o.o.","description":"\u0160e eno spleti\u0161\u010de WordPress","potentialAction":[{"@type":"SearchAction","target":{"@type":"EntryPoint","urlTemplate":"https:\/\/panna.si\/en\/?s={search_term_string}"},"query-input":"required name=search_term_string"}],"inLanguage":"en-US"},{"@type":"ImageObject","@id":"https:\/\/panna.si\/en\/shop\/visual-communications\/internal-display-case-on-scsl-sliding-door-lock\/#primaryimage","inLanguage":"en-US","url":"https:\/\/panna.si\/wp-content\/uploads\/2022\/08\/notranja-vitrina-na-zaklepanje-z-drsnimi-vrati-scsl-3.jpg","contentUrl":"https:\/\/panna.si\/wp-content\/uploads\/2022\/08\/notranja-vitrina-na-zaklepanje-z-drsnimi-vrati-scsl-3.jpg","width":1000,"height":1000},{"@type":"WebPage","@id":"https:\/\/panna.si\/en\/shop\/visual-communications\/internal-display-case-on-scsl-sliding-door-lock\/#webpage","url":"https:\/\/panna.si\/en\/shop\/visual-communications\/internal-display-case-on-scsl-sliding-door-lock\/","name":"Internal display case on SCSL sliding door lock - Panna d.o.o.","isPartOf":{"@id":"https:\/\/panna.si\/en\/#website"},"primaryImageOfPage":{"@id":"https:\/\/panna.si\/en\/shop\/visual-communications\/internal-display-case-on-scsl-sliding-door-lock\/#primaryimage"},"datePublished":"2022-08-12T09:42:44+00:00","dateModified":"2022-10-05T08:19:57+00:00","breadcrumb":{"@id":"https:\/\/panna.si\/en\/shop\/visual-communications\/internal-display-case-on-scsl-sliding-door-lock\/#breadcrumb"},"inLanguage":"en-US","potentialAction":[{"@type":"ReadAction","target":["https:\/\/panna.si\/en\/shop\/visual-communications\/internal-display-case-on-scsl-sliding-door-lock\/"]}]},{"@type":"BreadcrumbList","@id":"https:\/\/panna.si\/en\/shop\/visual-communications\/internal-display-case-on-scsl-sliding-door-lock\/#breadcrumb","itemListElement":[{"@type":"ListItem","position":1,"name":"Home","item":"https:\/\/panna.si\/en\/"},{"@type":"ListItem","position":2,"name":"Shop","item":"https:\/\/panna.si\/en\/shop\/"},{"@type":"ListItem","position":3,"name":"Visual communications","item":"https:\/\/panna.si\/en\/product-category\/visual-communications\/"},{"@type":"ListItem","position":4,"name":"Internal display case on SCSL sliding door lock"}]}]}},"_links":{"self":[{"href":"https:\/\/panna.si\/en\/wp-json\/wp\/v2\/product\/1718"}],"collection":[{"href":"https:\/\/panna.si\/en\/wp-json\/wp\/v2\/product"}],"about":[{"href":"https:\/\/panna.si\/en\/wp-json\/wp\/v2\/types\/product"}],"wp:featuredmedia":[{"embeddable":true,"href":"https:\/\/panna.si\/en\/wp-json\/wp\/v2\/media\/1452"}],"wp:attachment":[{"href":"https:\/\/panna.si\/en\/wp-json\/wp\/v2\/media?parent=1718"}],"wp:term":[{"taxonomy":"product_cat","embeddable":true,"href":"https:\/\/panna.si\/en\/wp-json\/wp\/v2\/product_cat?post=1718"},{"taxonomy":"product_tag","embeddable":true,"href":"https:\/\/panna.si\/en\/wp-json\/wp\/v2\/product_tag?post=1718"}],"curies":[{"name":"wp","href":"https:\/\/api.w.org\/{rel}","templated":true}]}}