{"id":2418,"date":"2025-01-22T15:20:30","date_gmt":"2025-01-22T14:20:30","guid":{"rendered":"https:\/\/panna.si\/ne-veste-kaj-izbrati\/"},"modified":"2025-01-28T16:05:34","modified_gmt":"2025-01-28T15:05:34","slug":"do-you-need-a-printer-but-arent-sure-which-one-to-choose","status":"publish","type":"page","link":"https:\/\/panna.si\/en\/do-you-need-a-printer-but-arent-sure-which-one-to-choose\/","title":{"rendered":"Do you need a printer but aren\u2019t sure which one to choose?"},"content":{"rendered":"<p>[vc_row full_width=&#8221;stretch_row&#8221; el_class=&#8221;main-title-row&#8221;][vc_column]        \r\n        <div class=\"title-banner\">\r\n         \r\n<!--\r\n            <div class=\"title-banner-image-container\" style=\"background-image: url('https:\/\/panna.si\/wp-content\/themes\/ns-template\/img\/page_title_back.jpg');\">\r\n                              <h1>Do you need a printer but aren\u2019t sure which one to choose?<\/h1>\r\n                          <\/div>\r\n    -->      \r\n        \r\n           \r\n                <div class=\"breadcrumbs-container\">\r\n                  <div class=\"breadcrumbs\">\r\n                    <p id=\"breadcrumbs\"><span><span><a href=\"https:\/\/panna.si\/en\/\">Home<\/a><\/span><\/p>                      <div class=\"clearfix\"><\/div>\r\n                    <\/div>\r\n                  <\/div>\r\n               \r\n        <\/div>\r\n        \r\n        [\/vc_column][\/vc_row][vc_row][vc_column width=&#8221;1\/12&#8243; offset=&#8221;vc_hidden-md vc_hidden-sm vc_hidden-xs&#8221;][\/vc_column][vc_column width=&#8221;10\/12&#8243;]      \r\n      <h1 class=\"post-title \">\r\n        Do you need a printer but aren\u2019t sure which one to choose?      <\/h1>\r\n      \r\n      [\/vc_column][vc_column width=&#8221;1\/12&#8243; offset=&#8221;vc_hidden-md vc_hidden-sm vc_hidden-xs&#8221;][\/vc_column][\/vc_row][vc_row el_class=&#8221;sp-contact-form-row sp-contact-form-row-vprasanje&#8221;][vc_column width=&#8221;1\/6&#8243;][\/vc_column][vc_column width=&#8221;2\/3&#8243;][vc_column_text]Are you looking to rent a printer but aren\u2019t sure which one would best suit your needs? No worries! We\u2019re here to help you choose the optimal solution. Simply fill out the form below, and we\u2019ll prepare a customized offer tailored to your requirements. We look forward to your inquiry![\/vc_column_text]<div role=\"form\" class=\"wpcf7\" id=\"wpcf7-f2420-o1\" lang=\"sl-SI\" dir=\"ltr\">\n<div class=\"screen-reader-response\"><p role=\"status\" aria-live=\"polite\" aria-atomic=\"true\"><\/p> <ul><\/ul><\/div>\n<form action=\"\/en\/wp-json\/wp\/v2\/pages\/2418#wpcf7-f2420-o1\" method=\"post\" class=\"wpcf7-form init\" novalidate=\"novalidate\" data-status=\"init\">\n<div style=\"display: none;\">\n<input type=\"hidden\" name=\"_wpcf7\" value=\"2420\" \/>\n<input type=\"hidden\" name=\"_wpcf7_version\" value=\"5.4.2\" \/>\n<input type=\"hidden\" name=\"_wpcf7_locale\" value=\"sl_SI\" \/>\n<input type=\"hidden\" name=\"_wpcf7_unit_tag\" value=\"wpcf7-f2420-o1\" \/>\n<input type=\"hidden\" name=\"_wpcf7_container_post\" value=\"0\" \/>\n<input type=\"hidden\" name=\"_wpcf7_posted_data_hash\" value=\"\" \/>\n<input type=\"hidden\" name=\"_wpcf7_recaptcha_response\" value=\"\" \/>\n<\/div>\n<div class=\"kontobrazec kontobrazec-vprasanje\">\n<h4>Send an Inquiry<\/h4>\n<div class=\"row\">\n<div class=\"col-md-12\">\n<div class=\"kont-povpr-izd-title\">\n<div>Povpra\u0161evanje za izdelek<\/div>\n<p>      <span class=\"wpcf7-form-control-wrap prod\"><input type=\"text\" name=\"prod\" value=\"\" size=\"40\" class=\"wpcf7-form-control wpcf7-text\" readonly=\"readonly\" aria-invalid=\"false\" \/><\/span><\/p>\n<\/div>\n<p class=\"p-tit\">Printing *<\/p>\n<p><span class=\"wpcf7-form-control-wrap param-tiskanje\"><span class=\"wpcf7-form-control wpcf7-checkbox wpcf7-validates-as-required\"><span class=\"wpcf7-list-item first\"><label><input type=\"checkbox\" name=\"param-tiskanje[]\" value=\"Color\" \/><span class=\"wpcf7-list-item-label\">Color<\/span><\/label><\/span><span class=\"wpcf7-list-item last\"><label><input type=\"checkbox\" name=\"param-tiskanje[]\" value=\"Black and White\" \/><span class=\"wpcf7-list-item-label\">Black and White<\/span><\/label><\/span><\/span><\/span><\/p>\n<p class=\"p-tit\">Format *<\/p>\n<p><span class=\"wpcf7-form-control-wrap param-format\"><span class=\"wpcf7-form-control wpcf7-checkbox wpcf7-validates-as-required\"><span class=\"wpcf7-list-item first\"><label><input type=\"checkbox\" name=\"param-format[]\" value=\"A4\" \/><span class=\"wpcf7-list-item-label\">A4<\/span><\/label><\/span><span class=\"wpcf7-list-item last\"><label><input type=\"checkbox\" name=\"param-format[]\" value=\"A3\" \/><span class=\"wpcf7-list-item-label\">A3<\/span><\/label><\/span><\/span><\/span><\/p>\n<p class=\"p-tit\">Estimated number of prints per month: *<\/p>\n<p><span class=\"wpcf7-form-control-wrap param-stevilo\"><input type=\"text\" name=\"param-stevilo\" value=\"\" size=\"40\" class=\"wpcf7-form-control wpcf7-text wpcf7-validates-as-required\" aria-required=\"true\" aria-invalid=\"false\" \/><\/span> <\/p>\n<p class=\"p-tit\">Full name *<\/p>\n<p>\t\t\t<span class=\"wpcf7-form-control-wrap your-name\"><input type=\"text\" name=\"your-name\" value=\"\" size=\"40\" class=\"wpcf7-form-control wpcf7-text wpcf7-validates-as-required\" aria-required=\"true\" aria-invalid=\"false\" \/><\/span> <\/p>\n<p class=\"p-tit\">Company *<\/p>\n<p>\t\t\t<span class=\"wpcf7-form-control-wrap your-company\"><input type=\"text\" name=\"your-company\" value=\"\" size=\"40\" class=\"wpcf7-form-control wpcf7-text wpcf7-validates-as-required\" aria-required=\"true\" aria-invalid=\"false\" \/><\/span> <\/p>\n<p class=\"p-tit\">Your email *<\/p>\n<p>\t\t\t<span class=\"wpcf7-form-control-wrap your-email\"><input type=\"email\" name=\"your-email\" value=\"\" size=\"40\" class=\"wpcf7-form-control wpcf7-text wpcf7-email wpcf7-validates-as-required wpcf7-validates-as-email\" aria-required=\"true\" aria-invalid=\"false\" \/><\/span><\/p>\n<p class=\"p-tit\">Your Phone Number *<\/p>\n<p>\t\t\t<span class=\"wpcf7-form-control-wrap your-phone\"><input type=\"text\" name=\"your-phone\" value=\"\" size=\"40\" class=\"wpcf7-form-control wpcf7-text wpcf7-validates-as-required\" aria-required=\"true\" aria-invalid=\"false\" \/><\/span><\/p>\n<p class=\"p-tit\">Message Content...<\/p>\n<p>\t\t\t<span class=\"wpcf7-form-control-wrap your-message\"><textarea name=\"your-message\" cols=\"40\" rows=\"10\" class=\"wpcf7-form-control wpcf7-textarea\" aria-invalid=\"false\"><\/textarea><\/span><\/p>\n<p>\t\t\tFields marked with * are required!<\/p>\n<\/div>\n<\/div>\n<p>\t\t<span class=\"wpcf7-form-control-wrap your-consent\"><span class=\"wpcf7-form-control wpcf7-acceptance\"><span class=\"wpcf7-list-item\"><label><input type=\"checkbox\" name=\"your-consent\" value=\"1\" aria-invalid=\"false\" \/><span class=\"wpcf7-list-item-label\">I consent to PANNA d.o.o. storing the personal data provided in this form for internal use and communication with me regarding the submitted request. The user may request the deletion of their personal data by emailing <a href=\"&#109;&#x61;&#105;&#x6c;t&#x6f;:&#x69;n&#x66;o&#x40;p&#x61;n&#110;&#x61;&#46;&#x73;&#105;\">&#105;&#x6e;f&#x6f;&#64;&#x70;a&#x6e;n&#97;&#x2e;&#115;&#x69;<\/a>.<\/span><\/label><\/span><\/span><\/span><\/p>\n<p>\t\t<button id=\"submit\" class=\"wpcf7-form-control wpcf7-submit btn-lg btn-primary btn\">SEND<\/button>\n\t\t<\/div>\n<div class=\"wpcf7-response-output\" aria-hidden=\"true\"><\/div><\/form><\/div>[\/vc_column][vc_column width=&#8221;1\/6&#8243;][\/vc_column][\/vc_row]<\/p>\n","protected":false},"excerpt":{"rendered":"<p>[vc_row full_width=&#8221;stretch_row&#8221; el_class=&#8221;main-title-row&#8221;][vc_column][\/vc_column][\/vc_row][vc_row][vc_column width=&#8221;1\/12&#8243; offset=&#8221;vc_hidden-md vc_hidden-sm vc_hidden-xs&#8221;][\/vc_column][vc_column width=&#8221;10\/12&#8243;][\/vc_column][vc_column width=&#8221;1\/12&#8243; offset=&#8221;vc_hidden-md vc_hidden-sm vc_hidden-xs&#8221;][\/vc_column][\/vc_row][vc_row el_class=&#8221;sp-contact-form-row sp-contact-form-row-vprasanje&#8221;][vc_column width=&#8221;1\/6&#8243;][\/vc_column][vc_column width=&#8221;2\/3&#8243;][vc_column_text]Are you looking to rent a printer but aren\u2019t sure which one would best suit your needs? No worries! We\u2019re here to help you choose the optimal solution. Simply fill out the form below, and we\u2019ll prepare a customized offer tailored to your requirements. We look forward to your inquiry![\/vc_column_text][\/vc_column][vc_column width=&#8221;1\/6&#8243;][\/vc_column][\/vc_row]<\/p>\n","protected":false},"author":1,"featured_media":0,"parent":0,"menu_order":5,"comment_status":"closed","ping_status":"closed","template":"","meta":[],"yoast_head":"<!-- This site is optimized with the Yoast SEO plugin v17.3 - https:\/\/yoast.com\/wordpress\/plugins\/seo\/ -->\n<title>Do you need a printer but aren\u2019t sure which one to choose? - Panna d.o.o.<\/title>\n<meta name=\"description\" content=\"Are you looking to rent a printer but aren\u2019t sure which one would best suit your needs? No worries! We\u2019re here to help you choose the optimal solution. Simply fill\" \/>\n<meta name=\"robots\" content=\"index, follow, max-snippet:-1, max-image-preview:large, max-video-preview:-1\" \/>\n<link rel=\"canonical\" href=\"https:\/\/panna.si\/en\/do-you-need-a-printer-but-arent-sure-which-one-to-choose\/\" \/>\n<meta property=\"og:locale\" content=\"en_US\" \/>\n<meta property=\"og:type\" content=\"article\" \/>\n<meta property=\"og:title\" content=\"Do you need a printer but aren\u2019t sure which one to choose? - Panna d.o.o.\" \/>\n<meta property=\"og:description\" content=\"[vc_row full_width=&#8221;stretch_row&#8221; el_class=&#8221;main-title-row&#8221;][vc_column][\/vc_column][\/vc_row][vc_row][vc_column width=&#8221;1\/12&#8243; offset=&#8221;vc_hidden-md vc_hidden-sm vc_hidden-xs&#8221;][\/vc_column][vc_column width=&#8221;10\/12&#8243;][\/vc_column][vc_column width=&#8221;1\/12&#8243; offset=&#8221;vc_hidden-md vc_hidden-sm vc_hidden-xs&#8221;][\/vc_column][\/vc_row][vc_row el_class=&#8221;sp-contact-form-row sp-contact-form-row-vprasanje&#8221;][vc_column width=&#8221;1\/6&#8243;][\/vc_column][vc_column width=&#8221;2\/3&#8243;][vc_column_text]Are you looking to rent a printer but aren\u2019t sure which one would best suit your needs? No worries! We\u2019re here to help you choose the optimal solution. Simply fill out the form below, and we\u2019ll prepare a customized offer tailored to your requirements. We look forward to your inquiry![\/vc_column_text][\/vc_column][vc_column width=&#8221;1\/6&#8243;][\/vc_column][\/vc_row]\" \/>\n<meta property=\"og:url\" content=\"https:\/\/panna.si\/en\/do-you-need-a-printer-but-arent-sure-which-one-to-choose\/\" \/>\n<meta property=\"og:site_name\" content=\"Panna d.o.o.\" \/>\n<meta property=\"article:modified_time\" content=\"2025-01-28T15:05:34+00:00\" \/>\n<meta name=\"twitter:card\" content=\"summary_large_image\" \/>\n<meta name=\"twitter:label1\" content=\"Est. reading time\" \/>\n\t<meta name=\"twitter:data1\" content=\"2 minutes\" \/>\n<script type=\"application\/ld+json\" class=\"yoast-schema-graph\">{\"@context\":\"https:\/\/schema.org\",\"@graph\":[{\"@type\":\"WebSite\",\"@id\":\"https:\/\/panna.si\/en\/#website\",\"url\":\"https:\/\/panna.si\/en\/\",\"name\":\"Panna d.o.o.\",\"description\":\"\\u0160e eno spleti\\u0161\\u010de WordPress\",\"potentialAction\":[{\"@type\":\"SearchAction\",\"target\":{\"@type\":\"EntryPoint\",\"urlTemplate\":\"https:\/\/panna.si\/en\/?s={search_term_string}\"},\"query-input\":\"required name=search_term_string\"}],\"inLanguage\":\"en-US\"},{\"@type\":\"WebPage\",\"@id\":\"https:\/\/panna.si\/en\/do-you-need-a-printer-but-arent-sure-which-one-to-choose\/#webpage\",\"url\":\"https:\/\/panna.si\/en\/do-you-need-a-printer-but-arent-sure-which-one-to-choose\/\",\"name\":\"Do you need a printer but aren\\u2019t sure which one to choose? - Panna d.o.o.\",\"isPartOf\":{\"@id\":\"https:\/\/panna.si\/en\/#website\"},\"datePublished\":\"2025-01-22T14:20:30+00:00\",\"dateModified\":\"2025-01-28T15:05:34+00:00\",\"breadcrumb\":{\"@id\":\"https:\/\/panna.si\/en\/do-you-need-a-printer-but-arent-sure-which-one-to-choose\/#breadcrumb\"},\"inLanguage\":\"en-US\",\"potentialAction\":[{\"@type\":\"ReadAction\",\"target\":[\"https:\/\/panna.si\/en\/do-you-need-a-printer-but-arent-sure-which-one-to-choose\/\"]}]},{\"@type\":\"BreadcrumbList\",\"@id\":\"https:\/\/panna.si\/en\/do-you-need-a-printer-but-arent-sure-which-one-to-choose\/#breadcrumb\",\"itemListElement\":[{\"@type\":\"ListItem\",\"position\":1,\"name\":\"Home\",\"item\":\"https:\/\/panna.si\/en\/\"},{\"@type\":\"ListItem\",\"position\":2,\"name\":\"Do you need a printer but aren\\u2019t sure which one to choose?\"}]}]}<\/script>\n<!-- \/ Yoast SEO plugin. -->","yoast_head_json":{"title":"Do you need a printer but aren\u2019t sure which one to choose? - Panna d.o.o.","description":"Are you looking to rent a printer but aren\u2019t sure which one would best suit your needs? No worries! We\u2019re here to help you choose the optimal solution. Simply fill","robots":{"index":"index","follow":"follow","max-snippet":"max-snippet:-1","max-image-preview":"max-image-preview:large","max-video-preview":"max-video-preview:-1"},"canonical":"https:\/\/panna.si\/en\/do-you-need-a-printer-but-arent-sure-which-one-to-choose\/","og_locale":"en_US","og_type":"article","og_title":"Do you need a printer but aren\u2019t sure which one to choose? - Panna d.o.o.","og_description":"[vc_row full_width=&#8221;stretch_row&#8221; el_class=&#8221;main-title-row&#8221;][vc_column][\/vc_column][\/vc_row][vc_row][vc_column width=&#8221;1\/12&#8243; offset=&#8221;vc_hidden-md vc_hidden-sm vc_hidden-xs&#8221;][\/vc_column][vc_column width=&#8221;10\/12&#8243;][\/vc_column][vc_column width=&#8221;1\/12&#8243; offset=&#8221;vc_hidden-md vc_hidden-sm vc_hidden-xs&#8221;][\/vc_column][\/vc_row][vc_row el_class=&#8221;sp-contact-form-row sp-contact-form-row-vprasanje&#8221;][vc_column width=&#8221;1\/6&#8243;][\/vc_column][vc_column width=&#8221;2\/3&#8243;][vc_column_text]Are you looking to rent a printer but aren\u2019t sure which one would best suit your needs? No worries! We\u2019re here to help you choose the optimal solution. Simply fill out the form below, and we\u2019ll prepare a customized offer tailored to your requirements. We look forward to your inquiry![\/vc_column_text][\/vc_column][vc_column width=&#8221;1\/6&#8243;][\/vc_column][\/vc_row]","og_url":"https:\/\/panna.si\/en\/do-you-need-a-printer-but-arent-sure-which-one-to-choose\/","og_site_name":"Panna d.o.o.","article_modified_time":"2025-01-28T15:05:34+00:00","twitter_card":"summary_large_image","twitter_misc":{"Est. reading time":"2 minutes"},"schema":{"@context":"https:\/\/schema.org","@graph":[{"@type":"WebSite","@id":"https:\/\/panna.si\/en\/#website","url":"https:\/\/panna.si\/en\/","name":"Panna d.o.o.","description":"\u0160e eno spleti\u0161\u010de WordPress","potentialAction":[{"@type":"SearchAction","target":{"@type":"EntryPoint","urlTemplate":"https:\/\/panna.si\/en\/?s={search_term_string}"},"query-input":"required name=search_term_string"}],"inLanguage":"en-US"},{"@type":"WebPage","@id":"https:\/\/panna.si\/en\/do-you-need-a-printer-but-arent-sure-which-one-to-choose\/#webpage","url":"https:\/\/panna.si\/en\/do-you-need-a-printer-but-arent-sure-which-one-to-choose\/","name":"Do you need a printer but aren\u2019t sure which one to choose? - Panna d.o.o.","isPartOf":{"@id":"https:\/\/panna.si\/en\/#website"},"datePublished":"2025-01-22T14:20:30+00:00","dateModified":"2025-01-28T15:05:34+00:00","breadcrumb":{"@id":"https:\/\/panna.si\/en\/do-you-need-a-printer-but-arent-sure-which-one-to-choose\/#breadcrumb"},"inLanguage":"en-US","potentialAction":[{"@type":"ReadAction","target":["https:\/\/panna.si\/en\/do-you-need-a-printer-but-arent-sure-which-one-to-choose\/"]}]},{"@type":"BreadcrumbList","@id":"https:\/\/panna.si\/en\/do-you-need-a-printer-but-arent-sure-which-one-to-choose\/#breadcrumb","itemListElement":[{"@type":"ListItem","position":1,"name":"Home","item":"https:\/\/panna.si\/en\/"},{"@type":"ListItem","position":2,"name":"Do you need a printer but aren\u2019t sure which one to choose?"}]}]}},"_links":{"self":[{"href":"https:\/\/panna.si\/en\/wp-json\/wp\/v2\/pages\/2418"}],"collection":[{"href":"https:\/\/panna.si\/en\/wp-json\/wp\/v2\/pages"}],"about":[{"href":"https:\/\/panna.si\/en\/wp-json\/wp\/v2\/types\/page"}],"author":[{"embeddable":true,"href":"https:\/\/panna.si\/en\/wp-json\/wp\/v2\/users\/1"}],"replies":[{"embeddable":true,"href":"https:\/\/panna.si\/en\/wp-json\/wp\/v2\/comments?post=2418"}],"version-history":[{"count":2,"href":"https:\/\/panna.si\/en\/wp-json\/wp\/v2\/pages\/2418\/revisions"}],"predecessor-version":[{"id":2421,"href":"https:\/\/panna.si\/en\/wp-json\/wp\/v2\/pages\/2418\/revisions\/2421"}],"wp:attachment":[{"href":"https:\/\/panna.si\/en\/wp-json\/wp\/v2\/media?parent=2418"}],"curies":[{"name":"wp","href":"https:\/\/api.w.org\/{rel}","templated":true}]}}