{"id":1701,"date":"2022-05-17T09:01:08","date_gmt":"2022-05-17T08:01:08","guid":{"rendered":"https:\/\/panna.si\/ostali-program\/"},"modified":"2023-12-11T10:58:40","modified_gmt":"2023-12-11T09:58:40","slug":"other-programme","status":"publish","type":"page","link":"https:\/\/panna.si\/en\/other-programme\/","title":{"rendered":"Other program"},"content":{"rendered":"<p>[vc_row full_width=&#8221;stretch_row&#8221; el_class=&#8221;main-title-row&#8221;][vc_column]        \r\n        <div class=\"title-banner\">\r\n         \r\n<!--\r\n            <div class=\"title-banner-image-container\" style=\"background-image: url('https:\/\/panna.si\/wp-content\/themes\/ns-template\/img\/page_title_back.jpg');\">\r\n                              <h1>Other program<\/h1>\r\n                          <\/div>\r\n    -->      \r\n        \r\n           \r\n                <div class=\"breadcrumbs-container\">\r\n                  <div class=\"breadcrumbs\">\r\n                    <p id=\"breadcrumbs\"><span><span><a href=\"https:\/\/panna.si\/en\/\">Home<\/a><\/span><\/p>                      <div class=\"clearfix\"><\/div>\r\n                    <\/div>\r\n                  <\/div>\r\n               \r\n        <\/div>\r\n        \r\n        [\/vc_column][\/vc_row][vc_row][vc_column]      \r\n      <h1 class=\"post-title \">\r\n        Other program      <\/h1>\r\n      \r\n      [\/vc_column][\/vc_row][vc_row][vc_column][vc_column_text][\/vc_column_text][\/vc_column][\/vc_row][vc_row el_class=&#8221;sp-ostali-program&#8221;][vc_column width=&#8221;1\/3&#8243;][vc_single_image image=&#8221;1171&#8243; alignment=&#8221;center&#8221; onclick=&#8221;custom_link&#8221; link=&#8221;https:\/\/panna.si\/en\/product-category\/other-offer\/scanners-document-readers-scanners\/&#8221;][vc_column_text]<\/p>\n<h3 style=\"text-align: center;\"><a href=\"https:\/\/panna.si\/en\/product-category\/other-offer\/scanners-document-readers-scanners\/\">Scanners<\/a><\/h3>\n<p>[\/vc_column_text]\t\r\n\t\t<a href=\"https:\/\/panna.si\/en\/product-category\/other-offer\/scanners-document-readers-scanners\/\" target=\"\" class=\"btn btn-primary btn-lg \" id=\"\">\r\n    View products<\/a>\r\n\r\n\t\t[\/vc_column][vc_column width=&#8221;1\/3&#8243;][vc_single_image image=&#8221;1173&#8243; alignment=&#8221;center&#8221; onclick=&#8221;custom_link&#8221; link=&#8221;https:\/\/panna.si\/en\/product-category\/other-offer\/projectors\/&#8221;][vc_column_text]<\/p>\n<h3 style=\"text-align: center;\"><a href=\"https:\/\/panna.si\/en\/product-category\/other-offer\/projectors\/\">Projectors<\/a><\/h3>\n<p>[\/vc_column_text]\t\r\n\t\t<a href=\"https:\/\/panna.si\/en\/product-category\/other-offer\/projectors\/\" target=\"\" class=\"btn btn-primary btn-lg \" id=\"\">\r\n    View products<\/a>\r\n\r\n\t\t[\/vc_column][vc_column width=&#8221;1\/3&#8243;][vc_single_image image=&#8221;1593&#8243; alignment=&#8221;center&#8221; onclick=&#8221;custom_link&#8221; link=&#8221;https:\/\/panna.si\/en\/product-category\/other-offer\/large-format-printers-plotters\/&#8221;][vc_column_text]<\/p>\n<h3 style=\"text-align: center;\"><a href=\"https:\/\/panna.si\/en\/product-category\/other-offer\/large-format-printers-plotters\/\">Large format printers (plotters)<\/a><\/h3>\n<p>[\/vc_column_text]\t\r\n\t\t<a href=\"https:\/\/panna.si\/en\/product-category\/other-offer\/large-format-printers-plotters\/\" target=\"\" class=\"btn btn-primary btn-lg \" id=\"\">\r\n    View products<\/a>\r\n\r\n\t\t[\/vc_column][\/vc_row][vc_row el_class=&#8221;sp-ostali-program&#8221;][vc_column width=&#8221;1\/3&#8243;][vc_single_image image=&#8221;1361&#8243; alignment=&#8221;center&#8221; onclick=&#8221;custom_link&#8221; link=&#8221;https:\/\/panna.si\/en\/product-category\/other-offer\/label-printers\/&#8221;][vc_column_text]<\/p>\n<h3 style=\"text-align: center;\"><a href=\"https:\/\/panna.si\/en\/product-category\/other-offer\/label-printers\/\">Label printers<\/a><\/h3>\n<p>[\/vc_column_text]\t\r\n\t\t<a href=\"https:\/\/panna.si\/en\/product-category\/other-offer\/label-printers\/\" target=\"\" class=\"btn btn-primary btn-lg \" id=\"\">\r\n    View products<\/a>\r\n\r\n\t\t[\/vc_column][vc_column width=&#8221;1\/3&#8243;][vc_single_image image=&#8221;1387&#8243; alignment=&#8221;center&#8221; onclick=&#8221;custom_link&#8221; link=&#8221;https:\/\/panna.si\/en\/product-category\/other-offer\/document-shredders\/&#8221;][vc_column_text]<\/p>\n<h3 style=\"text-align: center;\"><a href=\"https:\/\/panna.si\/en\/product-category\/other-offer\/document-shredders\/\">Document shredders<\/a><\/h3>\n<p>[\/vc_column_text]\t\r\n\t\t<a href=\"https:\/\/panna.si\/en\/product-category\/other-offer\/document-shredders\/\" target=\"\" class=\"btn btn-primary btn-lg \" id=\"\">\r\n    View products<\/a>\r\n\r\n\t\t[\/vc_column][vc_column width=&#8221;1\/3&#8243; offset=&#8221;vc_hidden-lg vc_hidden-md vc_hidden-sm vc_hidden-xs&#8221;][vc_single_image image=&#8221;1175&#8243; alignment=&#8221;center&#8221; onclick=&#8221;custom_link&#8221; link=&#8221;https:\/\/panna.si\/product-category\/ostali-program\/table\/&#8221;][vc_column_text]<\/p>\n<h3 style=\"text-align: center;\"><a href=\"https:\/\/panna.si\/kategorija-izdelka\/ostali-program\/papir\/\">Papir<\/a><\/h3>\n<p>[\/vc_column_text]\t\r\n\t\t<a href=\"https:\/\/panna.si\/product-category\/ostali-program\/papir\/\" target=\"\" class=\"btn btn-primary btn-lg \" id=\"\">\r\n    View products<\/a>\r\n\r\n\t\t[\/vc_column][\/vc_row]<\/p>\n","protected":false},"excerpt":{"rendered":"<p>[vc_row full_width=&#8221;stretch_row&#8221; el_class=&#8221;main-title-row&#8221;][vc_column][\/vc_column][\/vc_row][vc_row][vc_column][\/vc_column][\/vc_row][vc_row][vc_column][vc_column_text][\/vc_column_text][\/vc_column][\/vc_row][vc_row el_class=&#8221;sp-ostali-program&#8221;][vc_column width=&#8221;1\/3&#8243;][vc_single_image image=&#8221;1171&#8243; alignment=&#8221;center&#8221; onclick=&#8221;custom_link&#8221; link=&#8221;https:\/\/panna.si\/en\/product-category\/other-offer\/scanners-document-readers-scanners\/&#8221;][vc_column_text] Scanners [\/vc_column_text][\/vc_column][vc_column width=&#8221;1\/3&#8243;][vc_single_image image=&#8221;1173&#8243; alignment=&#8221;center&#8221; onclick=&#8221;custom_link&#8221; link=&#8221;https:\/\/panna.si\/en\/product-category\/other-offer\/projectors\/&#8221;][vc_column_text] Projectors [\/vc_column_text][\/vc_column][vc_column width=&#8221;1\/3&#8243;][vc_single_image image=&#8221;1593&#8243; alignment=&#8221;center&#8221; onclick=&#8221;custom_link&#8221; link=&#8221;https:\/\/panna.si\/en\/product-category\/other-offer\/large-format-printers-plotters\/&#8221;][vc_column_text] Large format printers (plotters) [\/vc_column_text][\/vc_column][\/vc_row][vc_row el_class=&#8221;sp-ostali-program&#8221;][vc_column width=&#8221;1\/3&#8243;][vc_single_image image=&#8221;1361&#8243; alignment=&#8221;center&#8221; onclick=&#8221;custom_link&#8221; link=&#8221;https:\/\/panna.si\/en\/product-category\/other-offer\/label-printers\/&#8221;][vc_column_text] Label printers [\/vc_column_text][\/vc_column][vc_column width=&#8221;1\/3&#8243;][vc_single_image image=&#8221;1387&#8243; alignment=&#8221;center&#8221; onclick=&#8221;custom_link&#8221; link=&#8221;https:\/\/panna.si\/en\/product-category\/other-offer\/document-shredders\/&#8221;][vc_column_text] Document shredders [\/vc_column_text][\/vc_column][vc_column width=&#8221;1\/3&#8243; offset=&#8221;vc_hidden-lg vc_hidden-md vc_hidden-sm vc_hidden-xs&#8221;][vc_single_image image=&#8221;1175&#8243; alignment=&#8221;center&#8221; onclick=&#8221;custom_link&#8221; link=&#8221;https:\/\/panna.si\/product-category\/ostali-program\/table\/&#8221;][vc_column_text] Papir [\/vc_column_text][\/vc_column][\/vc_row]<\/p>\n","protected":false},"author":1,"featured_media":0,"parent":0,"menu_order":1,"comment_status":"closed","ping_status":"closed","template":"","meta":[],"yoast_head":"<!-- This site is optimized with the Yoast SEO plugin v17.3 - https:\/\/yoast.com\/wordpress\/plugins\/seo\/ -->\n<title>Other program - Panna d.o.o.<\/title>\n<meta name=\"description\" content=\"Scanners Projectors Large format printers (plotters) Label printers Document shredders Papir\" \/>\n<meta name=\"robots\" content=\"index, follow, max-snippet:-1, max-image-preview:large, max-video-preview:-1\" \/>\n<link rel=\"canonical\" href=\"https:\/\/panna.si\/en\/other-programme\/\" \/>\n<meta property=\"og:locale\" content=\"en_US\" \/>\n<meta property=\"og:type\" content=\"article\" \/>\n<meta property=\"og:title\" content=\"Other program - Panna d.o.o.\" \/>\n<meta property=\"og:description\" content=\"[vc_row full_width=&#8221;stretch_row&#8221; el_class=&#8221;main-title-row&#8221;][vc_column][\/vc_column][\/vc_row][vc_row][vc_column][\/vc_column][\/vc_row][vc_row][vc_column][vc_column_text][\/vc_column_text][\/vc_column][\/vc_row][vc_row el_class=&#8221;sp-ostali-program&#8221;][vc_column width=&#8221;1\/3&#8243;][vc_single_image image=&#8221;1171&#8243; alignment=&#8221;center&#8221; onclick=&#8221;custom_link&#8221; link=&#8221;https:\/\/panna.si\/en\/product-category\/other-offer\/scanners-document-readers-scanners\/&#8221;][vc_column_text] Scanners [\/vc_column_text][\/vc_column][vc_column width=&#8221;1\/3&#8243;][vc_single_image image=&#8221;1173&#8243; alignment=&#8221;center&#8221; onclick=&#8221;custom_link&#8221; link=&#8221;https:\/\/panna.si\/en\/product-category\/other-offer\/projectors\/&#8221;][vc_column_text] Projectors [\/vc_column_text][\/vc_column][vc_column width=&#8221;1\/3&#8243;][vc_single_image image=&#8221;1593&#8243; alignment=&#8221;center&#8221; onclick=&#8221;custom_link&#8221; link=&#8221;https:\/\/panna.si\/en\/product-category\/other-offer\/large-format-printers-plotters\/&#8221;][vc_column_text] Large format printers (plotters) [\/vc_column_text][\/vc_column][\/vc_row][vc_row el_class=&#8221;sp-ostali-program&#8221;][vc_column width=&#8221;1\/3&#8243;][vc_single_image image=&#8221;1361&#8243; alignment=&#8221;center&#8221; onclick=&#8221;custom_link&#8221; link=&#8221;https:\/\/panna.si\/en\/product-category\/other-offer\/label-printers\/&#8221;][vc_column_text] Label printers [\/vc_column_text][\/vc_column][vc_column width=&#8221;1\/3&#8243;][vc_single_image image=&#8221;1387&#8243; alignment=&#8221;center&#8221; onclick=&#8221;custom_link&#8221; link=&#8221;https:\/\/panna.si\/en\/product-category\/other-offer\/document-shredders\/&#8221;][vc_column_text] Document shredders [\/vc_column_text][\/vc_column][vc_column width=&#8221;1\/3&#8243; offset=&#8221;vc_hidden-lg vc_hidden-md vc_hidden-sm vc_hidden-xs&#8221;][vc_single_image image=&#8221;1175&#8243; alignment=&#8221;center&#8221; onclick=&#8221;custom_link&#8221; link=&#8221;https:\/\/panna.si\/product-category\/ostali-program\/table\/&#8221;][vc_column_text] Papir [\/vc_column_text][\/vc_column][\/vc_row]\" \/>\n<meta property=\"og:url\" content=\"https:\/\/panna.si\/en\/other-programme\/\" \/>\n<meta property=\"og:site_name\" content=\"Panna d.o.o.\" \/>\n<meta property=\"article:modified_time\" content=\"2023-12-11T09:58:40+00:00\" \/>\n<meta name=\"twitter:card\" content=\"summary_large_image\" \/>\n<meta name=\"twitter:label1\" content=\"Est. reading time\" \/>\n\t<meta name=\"twitter:data1\" content=\"1 minute\" \/>\n<script type=\"application\/ld+json\" class=\"yoast-schema-graph\">{\"@context\":\"https:\/\/schema.org\",\"@graph\":[{\"@type\":\"WebSite\",\"@id\":\"https:\/\/panna.si\/en\/#website\",\"url\":\"https:\/\/panna.si\/en\/\",\"name\":\"Panna d.o.o.\",\"description\":\"\\u0160e eno spleti\\u0161\\u010de WordPress\",\"potentialAction\":[{\"@type\":\"SearchAction\",\"target\":{\"@type\":\"EntryPoint\",\"urlTemplate\":\"https:\/\/panna.si\/en\/?s={search_term_string}\"},\"query-input\":\"required name=search_term_string\"}],\"inLanguage\":\"en-US\"},{\"@type\":\"WebPage\",\"@id\":\"https:\/\/panna.si\/en\/other-programme\/#webpage\",\"url\":\"https:\/\/panna.si\/en\/other-programme\/\",\"name\":\"Other program - Panna d.o.o.\",\"isPartOf\":{\"@id\":\"https:\/\/panna.si\/en\/#website\"},\"datePublished\":\"2022-05-17T08:01:08+00:00\",\"dateModified\":\"2023-12-11T09:58:40+00:00\",\"breadcrumb\":{\"@id\":\"https:\/\/panna.si\/en\/other-programme\/#breadcrumb\"},\"inLanguage\":\"en-US\",\"potentialAction\":[{\"@type\":\"ReadAction\",\"target\":[\"https:\/\/panna.si\/en\/other-programme\/\"]}]},{\"@type\":\"BreadcrumbList\",\"@id\":\"https:\/\/panna.si\/en\/other-programme\/#breadcrumb\",\"itemListElement\":[{\"@type\":\"ListItem\",\"position\":1,\"name\":\"Home\",\"item\":\"https:\/\/panna.si\/en\/\"},{\"@type\":\"ListItem\",\"position\":2,\"name\":\"Other program\"}]}]}<\/script>\n<!-- \/ Yoast SEO plugin. -->","yoast_head_json":{"title":"Other program - Panna d.o.o.","description":"Scanners Projectors Large format printers (plotters) Label printers Document shredders Papir","robots":{"index":"index","follow":"follow","max-snippet":"max-snippet:-1","max-image-preview":"max-image-preview:large","max-video-preview":"max-video-preview:-1"},"canonical":"https:\/\/panna.si\/en\/other-programme\/","og_locale":"en_US","og_type":"article","og_title":"Other program - Panna d.o.o.","og_description":"[vc_row full_width=&#8221;stretch_row&#8221; el_class=&#8221;main-title-row&#8221;][vc_column][\/vc_column][\/vc_row][vc_row][vc_column][\/vc_column][\/vc_row][vc_row][vc_column][vc_column_text][\/vc_column_text][\/vc_column][\/vc_row][vc_row el_class=&#8221;sp-ostali-program&#8221;][vc_column width=&#8221;1\/3&#8243;][vc_single_image image=&#8221;1171&#8243; alignment=&#8221;center&#8221; onclick=&#8221;custom_link&#8221; link=&#8221;https:\/\/panna.si\/en\/product-category\/other-offer\/scanners-document-readers-scanners\/&#8221;][vc_column_text] Scanners [\/vc_column_text][\/vc_column][vc_column width=&#8221;1\/3&#8243;][vc_single_image image=&#8221;1173&#8243; alignment=&#8221;center&#8221; onclick=&#8221;custom_link&#8221; link=&#8221;https:\/\/panna.si\/en\/product-category\/other-offer\/projectors\/&#8221;][vc_column_text] Projectors [\/vc_column_text][\/vc_column][vc_column width=&#8221;1\/3&#8243;][vc_single_image image=&#8221;1593&#8243; alignment=&#8221;center&#8221; onclick=&#8221;custom_link&#8221; link=&#8221;https:\/\/panna.si\/en\/product-category\/other-offer\/large-format-printers-plotters\/&#8221;][vc_column_text] Large format printers (plotters) [\/vc_column_text][\/vc_column][\/vc_row][vc_row el_class=&#8221;sp-ostali-program&#8221;][vc_column width=&#8221;1\/3&#8243;][vc_single_image image=&#8221;1361&#8243; alignment=&#8221;center&#8221; onclick=&#8221;custom_link&#8221; link=&#8221;https:\/\/panna.si\/en\/product-category\/other-offer\/label-printers\/&#8221;][vc_column_text] Label printers [\/vc_column_text][\/vc_column][vc_column width=&#8221;1\/3&#8243;][vc_single_image image=&#8221;1387&#8243; alignment=&#8221;center&#8221; onclick=&#8221;custom_link&#8221; link=&#8221;https:\/\/panna.si\/en\/product-category\/other-offer\/document-shredders\/&#8221;][vc_column_text] Document shredders [\/vc_column_text][\/vc_column][vc_column width=&#8221;1\/3&#8243; offset=&#8221;vc_hidden-lg vc_hidden-md vc_hidden-sm vc_hidden-xs&#8221;][vc_single_image image=&#8221;1175&#8243; alignment=&#8221;center&#8221; onclick=&#8221;custom_link&#8221; link=&#8221;https:\/\/panna.si\/product-category\/ostali-program\/table\/&#8221;][vc_column_text] Papir [\/vc_column_text][\/vc_column][\/vc_row]","og_url":"https:\/\/panna.si\/en\/other-programme\/","og_site_name":"Panna d.o.o.","article_modified_time":"2023-12-11T09:58:40+00:00","twitter_card":"summary_large_image","twitter_misc":{"Est. reading time":"1 minute"},"schema":{"@context":"https:\/\/schema.org","@graph":[{"@type":"WebSite","@id":"https:\/\/panna.si\/en\/#website","url":"https:\/\/panna.si\/en\/","name":"Panna d.o.o.","description":"\u0160e eno spleti\u0161\u010de WordPress","potentialAction":[{"@type":"SearchAction","target":{"@type":"EntryPoint","urlTemplate":"https:\/\/panna.si\/en\/?s={search_term_string}"},"query-input":"required name=search_term_string"}],"inLanguage":"en-US"},{"@type":"WebPage","@id":"https:\/\/panna.si\/en\/other-programme\/#webpage","url":"https:\/\/panna.si\/en\/other-programme\/","name":"Other program - Panna d.o.o.","isPartOf":{"@id":"https:\/\/panna.si\/en\/#website"},"datePublished":"2022-05-17T08:01:08+00:00","dateModified":"2023-12-11T09:58:40+00:00","breadcrumb":{"@id":"https:\/\/panna.si\/en\/other-programme\/#breadcrumb"},"inLanguage":"en-US","potentialAction":[{"@type":"ReadAction","target":["https:\/\/panna.si\/en\/other-programme\/"]}]},{"@type":"BreadcrumbList","@id":"https:\/\/panna.si\/en\/other-programme\/#breadcrumb","itemListElement":[{"@type":"ListItem","position":1,"name":"Home","item":"https:\/\/panna.si\/en\/"},{"@type":"ListItem","position":2,"name":"Other program"}]}]}},"_links":{"self":[{"href":"https:\/\/panna.si\/en\/wp-json\/wp\/v2\/pages\/1701"}],"collection":[{"href":"https:\/\/panna.si\/en\/wp-json\/wp\/v2\/pages"}],"about":[{"href":"https:\/\/panna.si\/en\/wp-json\/wp\/v2\/types\/page"}],"author":[{"embeddable":true,"href":"https:\/\/panna.si\/en\/wp-json\/wp\/v2\/users\/1"}],"replies":[{"embeddable":true,"href":"https:\/\/panna.si\/en\/wp-json\/wp\/v2\/comments?post=1701"}],"version-history":[{"count":10,"href":"https:\/\/panna.si\/en\/wp-json\/wp\/v2\/pages\/1701\/revisions"}],"predecessor-version":[{"id":2228,"href":"https:\/\/panna.si\/en\/wp-json\/wp\/v2\/pages\/1701\/revisions\/2228"}],"wp:attachment":[{"href":"https:\/\/panna.si\/en\/wp-json\/wp\/v2\/media?parent=1701"}],"curies":[{"name":"wp","href":"https:\/\/api.w.org\/{rel}","templated":true}]}}