{"id":1695,"date":"2022-05-17T09:01:20","date_gmt":"2022-05-17T08:01:20","guid":{"rendered":"https:\/\/panna.si\/servis-in-vzdrzevanje\/"},"modified":"2023-12-11T10:58:48","modified_gmt":"2023-12-11T09:58:48","slug":"service-and-maintenance","status":"publish","type":"page","link":"https:\/\/panna.si\/en\/service-and-maintenance\/","title":{"rendered":"Service and maintenance"},"content":{"rendered":"<p>[vc_row full_width=&#8221;stretch_row&#8221; el_class=&#8221;main-title-row&#8221;][vc_column]        \r\n        <div class=\"title-banner\">\r\n         \r\n<!--\r\n            <div class=\"title-banner-image-container\" style=\"background-image: url('https:\/\/panna.si\/wp-content\/themes\/ns-template\/img\/page_title_back.jpg');\">\r\n                              <h1>Service and maintenance<\/h1>\r\n                          <\/div>\r\n    -->      \r\n        \r\n           \r\n                <div class=\"breadcrumbs-container\">\r\n                  <div class=\"breadcrumbs\">\r\n                    <p id=\"breadcrumbs\"><span><span><a href=\"https:\/\/panna.si\/en\/\">Home<\/a><\/span><\/p>                      <div class=\"clearfix\"><\/div>\r\n                    <\/div>\r\n                  <\/div>\r\n               \r\n        <\/div>\r\n        \r\n        [\/vc_column][\/vc_row][vc_row][vc_column]      \r\n      <h1 class=\"post-title \">\r\n        Service and maintenance      <\/h1>\r\n      \r\n      [\/vc_column][\/vc_row][vc_row][vc_column][vc_column_text]We are a long-standing authorized sales service partner <strong>of the Xerox, Epson, Konica Minolta and Develop brands<\/strong>. The beginnings of our operation date back to 1994.[\/vc_column_text][vc_column_text]Panna d.o.o. we are aware that service is essential for the satisfaction of our customers, so we offer you a quick response time to report an error. We maintain all appliances with original spare parts and consumables, which enables us to have a high quality of our services. We use the latest tools and operating control systems in the maintenance of equipment. This is how most problems can be immediately ed at a distance.[\/vc_column_text][vc_column_text]<\/p>\n<h3>Why opt for contract maintenance?<\/h3>\n<p>[\/vc_column_text][\/vc_column][\/vc_row][vc_row][vc_column width=&#8221;1\/2&#8243;][vc_column_text]We present some of the most common reasons or advantages for the decision to maintain according to the contract maintenance model:<\/p>\n<ul>\n<li>predictability of costs independently of colour coverage of prints;<\/li>\n<li>payment after the fingerprints actually carried out;<\/li>\n<li>cash is not tied to the stock of consumables (all of which is included in the price footprint);<\/li>\n<li>priority treatment and extremely short response times;<\/li>\n<li>original consumables and spare parts provided;<\/li>\n<li>full warranty for the entire maintenance period;<\/li>\n<li>the possibility of free replacement equipment in the event of longer repairs;<\/li>\n<li>the possibility of exceptional on-call time outside official working hours;<\/li>\n<li>constant prices for the entire contract period.<\/li>\n<\/ul>\n<p>[\/vc_column_text][\/vc_column][vc_column width=&#8221;1\/2&#8243;][vc_single_image image=&#8221;1211&#8243;][\/vc_column][\/vc_row][vc_row][vc_column][vc_column_text]<\/p>\n<h3>Top-quality equipment needs top-quality maintenance<\/h3>\n<p>Since you are asking for the best, you have decided to buy top quality IT and bureau equipment. It&#8217;s a logical decision. For as long as possible to function, we recommend that you enter into a maintenance contract with us to provide effective technical assistance, regular professional maintenance and excellent service with extremely short response times and repair deadlines. Replacement equipment for the time of repair is an integral part of the maintenance contract. Maintenance is carried out exclusively by technicians certified for specific equipment, which are specially trained for each field and have obtained all the necessary principal certificates. Servicing is carried out in accordance with the regulations of the manufacturers and all spare parts are original, as are all consumables. For work done in the field of service services we achieve the highest ratings.<\/p>\n<p>At the same time, equipment that &#8220;works&#8221; for your company is extremely valuable, so as an advanced company, you won&#8217;t risk being able to fail suddenly because of non-maintenance. That we are not even talking about the possible servicing cost of service. In addition to the above, regular contact with us certainly enables you to learn from the experts directly about all innovations and trends in the fields of IT, computer periphery and bureau of equipment.[\/vc_column_text][vc_empty_space][\/vc_column][\/vc_row]<\/p>\n","protected":false},"excerpt":{"rendered":"<p>[vc_row full_width=&#8221;stretch_row&#8221; el_class=&#8221;main-title-row&#8221;][vc_column][\/vc_column][\/vc_row][vc_row][vc_column][\/vc_column][\/vc_row][vc_row][vc_column][vc_column_text]We are a long-standing authorized sales service partner of the Xerox, Epson, Konica Minolta and Develop brands. The beginnings of our operation date back to 1994.[\/vc_column_text][vc_column_text]Panna d.o.o. we are aware that service is essential for the satisfaction of our customers, so we offer you a quick response time to report an error. We maintain all appliances with original spare parts and consumables, which enables us to have a high quality of our services. We use the latest tools and operating control systems in the maintenance of equipment. This is how most problems can be immediately ed at a distance.[\/vc_column_text][vc_column_text] Why opt for contract maintenance? [\/vc_column_text][\/vc_column][\/vc_row][vc_row][vc_column width=&#8221;1\/2&#8243;][vc_column_text]We present some of the most common reasons or advantages for the decision [&hellip;]<\/p>\n","protected":false},"author":1,"featured_media":0,"parent":0,"menu_order":2,"comment_status":"closed","ping_status":"closed","template":"","meta":[],"yoast_head":"<!-- This site is optimized with the Yoast SEO plugin v17.3 - https:\/\/yoast.com\/wordpress\/plugins\/seo\/ -->\n<title>Service and maintenance - Panna d.o.o.<\/title>\n<meta name=\"description\" content=\"Rezalno in brusno orodje za kotne brusilke, rezkarji podjetja TYROLIT.\" \/>\n<meta name=\"robots\" content=\"index, follow, max-snippet:-1, max-image-preview:large, max-video-preview:-1\" \/>\n<link rel=\"canonical\" href=\"https:\/\/panna.si\/en\/service-and-maintenance\/\" \/>\n<meta property=\"og:locale\" content=\"en_US\" \/>\n<meta property=\"og:type\" content=\"article\" \/>\n<meta property=\"og:title\" content=\"Service and maintenance - Panna d.o.o.\" \/>\n<meta property=\"og:description\" content=\"Rezalno in brusno orodje za kotne brusilke, rezkarji podjetja TYROLIT.\" \/>\n<meta property=\"og:url\" content=\"https:\/\/panna.si\/en\/service-and-maintenance\/\" \/>\n<meta property=\"og:site_name\" content=\"Panna d.o.o.\" \/>\n<meta property=\"article:modified_time\" content=\"2023-12-11T09:58:48+00:00\" \/>\n<meta name=\"twitter:card\" content=\"summary_large_image\" \/>\n<meta name=\"twitter:label1\" content=\"Est. reading time\" \/>\n\t<meta name=\"twitter:data1\" content=\"2 minutes\" \/>\n<script type=\"application\/ld+json\" class=\"yoast-schema-graph\">{\"@context\":\"https:\/\/schema.org\",\"@graph\":[{\"@type\":\"WebSite\",\"@id\":\"https:\/\/panna.si\/en\/#website\",\"url\":\"https:\/\/panna.si\/en\/\",\"name\":\"Panna d.o.o.\",\"description\":\"\\u0160e eno spleti\\u0161\\u010de WordPress\",\"potentialAction\":[{\"@type\":\"SearchAction\",\"target\":{\"@type\":\"EntryPoint\",\"urlTemplate\":\"https:\/\/panna.si\/en\/?s={search_term_string}\"},\"query-input\":\"required name=search_term_string\"}],\"inLanguage\":\"en-US\"},{\"@type\":\"WebPage\",\"@id\":\"https:\/\/panna.si\/en\/service-and-maintenance\/#webpage\",\"url\":\"https:\/\/panna.si\/en\/service-and-maintenance\/\",\"name\":\"Service and maintenance - Panna d.o.o.\",\"isPartOf\":{\"@id\":\"https:\/\/panna.si\/en\/#website\"},\"datePublished\":\"2022-05-17T08:01:20+00:00\",\"dateModified\":\"2023-12-11T09:58:48+00:00\",\"description\":\"Rezalno in brusno orodje za kotne brusilke, rezkarji podjetja TYROLIT.\",\"breadcrumb\":{\"@id\":\"https:\/\/panna.si\/en\/service-and-maintenance\/#breadcrumb\"},\"inLanguage\":\"en-US\",\"potentialAction\":[{\"@type\":\"ReadAction\",\"target\":[\"https:\/\/panna.si\/en\/service-and-maintenance\/\"]}]},{\"@type\":\"BreadcrumbList\",\"@id\":\"https:\/\/panna.si\/en\/service-and-maintenance\/#breadcrumb\",\"itemListElement\":[{\"@type\":\"ListItem\",\"position\":1,\"name\":\"Home\",\"item\":\"https:\/\/panna.si\/en\/\"},{\"@type\":\"ListItem\",\"position\":2,\"name\":\"Service and maintenance\"}]}]}<\/script>\n<!-- \/ Yoast SEO plugin. -->","yoast_head_json":{"title":"Service and maintenance - Panna d.o.o.","description":"Rezalno in brusno orodje za kotne brusilke, rezkarji podjetja TYROLIT.","robots":{"index":"index","follow":"follow","max-snippet":"max-snippet:-1","max-image-preview":"max-image-preview:large","max-video-preview":"max-video-preview:-1"},"canonical":"https:\/\/panna.si\/en\/service-and-maintenance\/","og_locale":"en_US","og_type":"article","og_title":"Service and maintenance - Panna d.o.o.","og_description":"Rezalno in brusno orodje za kotne brusilke, rezkarji podjetja TYROLIT.","og_url":"https:\/\/panna.si\/en\/service-and-maintenance\/","og_site_name":"Panna d.o.o.","article_modified_time":"2023-12-11T09:58:48+00:00","twitter_card":"summary_large_image","twitter_misc":{"Est. reading time":"2 minutes"},"schema":{"@context":"https:\/\/schema.org","@graph":[{"@type":"WebSite","@id":"https:\/\/panna.si\/en\/#website","url":"https:\/\/panna.si\/en\/","name":"Panna d.o.o.","description":"\u0160e eno spleti\u0161\u010de WordPress","potentialAction":[{"@type":"SearchAction","target":{"@type":"EntryPoint","urlTemplate":"https:\/\/panna.si\/en\/?s={search_term_string}"},"query-input":"required name=search_term_string"}],"inLanguage":"en-US"},{"@type":"WebPage","@id":"https:\/\/panna.si\/en\/service-and-maintenance\/#webpage","url":"https:\/\/panna.si\/en\/service-and-maintenance\/","name":"Service and maintenance - Panna d.o.o.","isPartOf":{"@id":"https:\/\/panna.si\/en\/#website"},"datePublished":"2022-05-17T08:01:20+00:00","dateModified":"2023-12-11T09:58:48+00:00","description":"Rezalno in brusno orodje za kotne brusilke, rezkarji podjetja TYROLIT.","breadcrumb":{"@id":"https:\/\/panna.si\/en\/service-and-maintenance\/#breadcrumb"},"inLanguage":"en-US","potentialAction":[{"@type":"ReadAction","target":["https:\/\/panna.si\/en\/service-and-maintenance\/"]}]},{"@type":"BreadcrumbList","@id":"https:\/\/panna.si\/en\/service-and-maintenance\/#breadcrumb","itemListElement":[{"@type":"ListItem","position":1,"name":"Home","item":"https:\/\/panna.si\/en\/"},{"@type":"ListItem","position":2,"name":"Service and maintenance"}]}]}},"_links":{"self":[{"href":"https:\/\/panna.si\/en\/wp-json\/wp\/v2\/pages\/1695"}],"collection":[{"href":"https:\/\/panna.si\/en\/wp-json\/wp\/v2\/pages"}],"about":[{"href":"https:\/\/panna.si\/en\/wp-json\/wp\/v2\/types\/page"}],"author":[{"embeddable":true,"href":"https:\/\/panna.si\/en\/wp-json\/wp\/v2\/users\/1"}],"replies":[{"embeddable":true,"href":"https:\/\/panna.si\/en\/wp-json\/wp\/v2\/comments?post=1695"}],"version-history":[{"count":6,"href":"https:\/\/panna.si\/en\/wp-json\/wp\/v2\/pages\/1695\/revisions"}],"predecessor-version":[{"id":2229,"href":"https:\/\/panna.si\/en\/wp-json\/wp\/v2\/pages\/1695\/revisions\/2229"}],"wp:attachment":[{"href":"https:\/\/panna.si\/en\/wp-json\/wp\/v2\/media?parent=1695"}],"curies":[{"name":"wp","href":"https:\/\/api.w.org\/{rel}","templated":true}]}}