{"id":1684,"date":"2022-08-02T18:26:39","date_gmt":"2022-08-02T16:26:39","guid":{"rendered":"https:\/\/panna.si\/prijava-napake\/"},"modified":"2022-09-30T13:56:06","modified_gmt":"2022-09-30T11:56:06","slug":"report-an-error","status":"publish","type":"page","link":"https:\/\/panna.si\/en\/report-an-error\/","title":{"rendered":"Report an error"},"content":{"rendered":"<p>[vc_row full_width=&#8221;stretch_row&#8221; el_class=&#8221;main-title-row&#8221;][vc_column]        \r\n        <div class=\"title-banner\">\r\n         \r\n<!--\r\n            <div class=\"title-banner-image-container\" style=\"background-image: url('https:\/\/panna.si\/wp-content\/themes\/ns-template\/img\/page_title_back.jpg');\">\r\n                              <h1>Report an error<\/h1>\r\n                          <\/div>\r\n    -->      \r\n        \r\n           \r\n                <div class=\"breadcrumbs-container\">\r\n                  <div class=\"breadcrumbs\">\r\n                    <p id=\"breadcrumbs\"><span><span><a href=\"https:\/\/panna.si\/en\/\">Home<\/a><\/span><\/p>                      <div class=\"clearfix\"><\/div>\r\n                    <\/div>\r\n                  <\/div>\r\n               \r\n        <\/div>\r\n        \r\n        [\/vc_column][\/vc_row][vc_row][vc_column width=&#8221;1\/12&#8243; offset=&#8221;vc_hidden-md vc_hidden-sm vc_hidden-xs&#8221;][\/vc_column][vc_column width=&#8221;10\/12&#8243;]      \r\n      <h1 class=\"post-title \">\r\n        Report an error      <\/h1>\r\n      \r\n      [\/vc_column][vc_column width=&#8221;1\/12&#8243; offset=&#8221;vc_hidden-md vc_hidden-sm vc_hidden-xs&#8221;][\/vc_column][\/vc_row][vc_row][vc_column width=&#8221;1\/12&#8243; offset=&#8221;vc_hidden-md vc_hidden-sm vc_hidden-xs&#8221;][\/vc_column][vc_column width=&#8221;10\/12&#8243;]<div role=\"form\" class=\"wpcf7\" id=\"wpcf7-f1802-o1\" lang=\"sl-SI\" dir=\"ltr\">\n<div class=\"screen-reader-response\"><p role=\"status\" aria-live=\"polite\" aria-atomic=\"true\"><\/p> <ul><\/ul><\/div>\n<form action=\"\/en\/wp-json\/wp\/v2\/pages\/1684#wpcf7-f1802-o1\" method=\"post\" class=\"wpcf7-form init\" enctype=\"multipart\/form-data\" novalidate=\"novalidate\" data-status=\"init\">\n<div style=\"display: none;\">\n<input type=\"hidden\" name=\"_wpcf7\" value=\"1802\" \/>\n<input type=\"hidden\" name=\"_wpcf7_version\" value=\"5.4.2\" \/>\n<input type=\"hidden\" name=\"_wpcf7_locale\" value=\"sl_SI\" \/>\n<input type=\"hidden\" name=\"_wpcf7_unit_tag\" value=\"wpcf7-f1802-o1\" \/>\n<input type=\"hidden\" name=\"_wpcf7_container_post\" value=\"0\" \/>\n<input type=\"hidden\" name=\"_wpcf7_posted_data_hash\" value=\"\" \/>\n<input type=\"hidden\" name=\"_wpcf7_recaptcha_response\" value=\"\" \/>\n<\/div>\n<div class=\"kontobrazec\">\n<p><b>To report an error, fill in the boxes below.<\/b><\/p>\n<div class=\"row\">\n<div class=\"col-md-12\">\n<p class=\"p-tit\">Name and surname *<\/p>\n<p>                        <span class=\"wpcf7-form-control-wrap your-name\"><input type=\"text\" name=\"your-name\" value=\"\" size=\"40\" class=\"wpcf7-form-control wpcf7-text wpcf7-validates-as-required\" aria-required=\"true\" aria-invalid=\"false\" \/><\/span> <\/p>\n<p class=\"p-tit\">Company *<\/p>\n<p>                        <span class=\"wpcf7-form-control-wrap your-company\"><input type=\"text\" name=\"your-company\" value=\"\" size=\"40\" class=\"wpcf7-form-control wpcf7-text wpcf7-validates-as-required\" aria-required=\"true\" aria-invalid=\"false\" \/><\/span><\/p>\n<p class=\"p-tit\">Your email *<\/p>\n<p>                        <span class=\"wpcf7-form-control-wrap your-email\"><input type=\"email\" name=\"your-email\" value=\"\" size=\"40\" class=\"wpcf7-form-control wpcf7-text wpcf7-email wpcf7-validates-as-required wpcf7-validates-as-email\" aria-required=\"true\" aria-invalid=\"false\" \/><\/span><\/p>\n<p class=\"p-tit\">Your phone number *<\/p>\n<p>                        <span class=\"wpcf7-form-control-wrap your-phone\"><input type=\"text\" name=\"your-phone\" value=\"\" size=\"40\" class=\"wpcf7-form-control wpcf7-text wpcf7-validates-as-required\" aria-required=\"true\" aria-invalid=\"false\" \/><\/span>\n                    <\/p><\/div>\n<div class=\"col-md-6\">\n<p class=\"p-tit\">Machine model *<\/p>\n<p>                        <span class=\"wpcf7-form-control-wrap your-model\"><input type=\"text\" name=\"your-model\" value=\"\" size=\"40\" class=\"wpcf7-form-control wpcf7-text wpcf7-validates-as-required\" aria-required=\"true\" aria-invalid=\"false\" \/><\/span><\/p>\n<\/div>\n<div class=\"col-md-6\">\n<p class=\"p-tit\">Device serial number *<\/p>\n<p>                        <span class=\"wpcf7-form-control-wrap your-serial\"><input type=\"text\" name=\"your-serial\" value=\"\" size=\"40\" class=\"wpcf7-form-control wpcf7-text wpcf7-validates-as-required\" aria-required=\"true\" aria-invalid=\"false\" \/><\/span><\/p>\n<\/div>\n<div class=\"col-md-12\">\n<p class=\"p-tit\">Error description *<\/p>\n<p>                        <span class=\"wpcf7-form-control-wrap your-message\"><textarea name=\"your-message\" cols=\"40\" rows=\"10\" class=\"wpcf7-form-control wpcf7-textarea wpcf7-validates-as-required\" aria-required=\"true\" aria-invalid=\"false\"><\/textarea><\/span><\/p>\n<p>                        <span class=\"wpcf7-form-control-wrap file-napaka\"><input type=\"file\" name=\"file-napaka\" size=\"40\" class=\"wpcf7-form-control wpcf7-file\" accept=\".jpg,.jpeg,.png,.gif,.pdf,.doc,.docx,.ppt,.pptx,.odt,.avi,.ogg,.m4a,.mov,.mp3,.mp4,.mpg,.wav,.wmv\" aria-invalid=\"false\" \/><\/span><\/p>\n<p>                        Fields marked with * are mandatory!\n                    <\/p><\/div>\n<\/div>\n<p>            <span class=\"wpcf7-form-control-wrap your-consent\"><span class=\"wpcf7-form-control wpcf7-acceptance\"><span class=\"wpcf7-list-item\"><label><input type=\"checkbox\" name=\"your-consent\" value=\"1\" aria-invalid=\"false\" \/><span class=\"wpcf7-list-item-label\">I agree that PANNA d.o.o. keeps the personal data on the form for internal use and communication with me for the purposes of the submitted request. The user can request the deletion of personal data by e-mail <a href=\"&#x6d;&#x61;&#x69;&#x6c;&#x74;&#111;&#58;info&#64;&#x70;&#x61;&#x6e;&#x6e;&#x61;&#x2e;&#115;&#105;\">&#105;&#x6e;f&#x6f;&#64;&#x70;a&#110;&#x6e;a&#x2e;s&#x69;<\/a>.<\/span><\/label><\/span><\/span><\/span><\/p>\n<p>            <button id=\"submit\" class=\"wpcf7-form-control wpcf7-submit btn-lg btn-primary btn\">SEND<\/button>\n            <\/div>\n<div class=\"wpcf7-response-output\" aria-hidden=\"true\"><\/div><\/form><\/div>[\/vc_column][vc_column width=&#8221;1\/12&#8243; offset=&#8221;vc_hidden-md vc_hidden-sm vc_hidden-xs&#8221;][\/vc_column][\/vc_row]<\/p>\n","protected":false},"excerpt":{"rendered":"<p>[vc_row full_width=&#8221;stretch_row&#8221; el_class=&#8221;main-title-row&#8221;][vc_column][\/vc_column][\/vc_row][vc_row][vc_column width=&#8221;1\/12&#8243; offset=&#8221;vc_hidden-md vc_hidden-sm vc_hidden-xs&#8221;][\/vc_column][vc_column width=&#8221;10\/12&#8243;][\/vc_column][vc_column width=&#8221;1\/12&#8243; offset=&#8221;vc_hidden-md vc_hidden-sm vc_hidden-xs&#8221;][\/vc_column][\/vc_row][vc_row][vc_column width=&#8221;1\/12&#8243; offset=&#8221;vc_hidden-md vc_hidden-sm vc_hidden-xs&#8221;][\/vc_column][vc_column width=&#8221;10\/12&#8243;][\/vc_column][vc_column width=&#8221;1\/12&#8243; offset=&#8221;vc_hidden-md vc_hidden-sm vc_hidden-xs&#8221;][\/vc_column][\/vc_row]<\/p>\n","protected":false},"author":1,"featured_media":0,"parent":0,"menu_order":7,"comment_status":"closed","ping_status":"closed","template":"","meta":[],"yoast_head":"<!-- This site is optimized with the Yoast SEO plugin v17.3 - https:\/\/yoast.com\/wordpress\/plugins\/seo\/ -->\n<title>Report an error - Panna d.o.o.<\/title>\n<meta name=\"robots\" content=\"index, follow, max-snippet:-1, max-image-preview:large, max-video-preview:-1\" \/>\n<link rel=\"canonical\" href=\"https:\/\/panna.si\/en\/report-an-error\/\" \/>\n<meta property=\"og:locale\" content=\"en_US\" \/>\n<meta property=\"og:type\" content=\"article\" \/>\n<meta property=\"og:title\" content=\"Report an error - Panna d.o.o.\" \/>\n<meta property=\"og:description\" content=\"[vc_row full_width=&#8221;stretch_row&#8221; el_class=&#8221;main-title-row&#8221;][vc_column][\/vc_column][\/vc_row][vc_row][vc_column width=&#8221;1\/12&#8243; offset=&#8221;vc_hidden-md vc_hidden-sm vc_hidden-xs&#8221;][\/vc_column][vc_column width=&#8221;10\/12&#8243;][\/vc_column][vc_column width=&#8221;1\/12&#8243; offset=&#8221;vc_hidden-md vc_hidden-sm vc_hidden-xs&#8221;][\/vc_column][\/vc_row][vc_row][vc_column width=&#8221;1\/12&#8243; offset=&#8221;vc_hidden-md vc_hidden-sm vc_hidden-xs&#8221;][\/vc_column][vc_column width=&#8221;10\/12&#8243;][\/vc_column][vc_column width=&#8221;1\/12&#8243; offset=&#8221;vc_hidden-md vc_hidden-sm vc_hidden-xs&#8221;][\/vc_column][\/vc_row]\" \/>\n<meta property=\"og:url\" content=\"https:\/\/panna.si\/en\/report-an-error\/\" \/>\n<meta property=\"og:site_name\" content=\"Panna d.o.o.\" \/>\n<meta property=\"article:modified_time\" content=\"2022-09-30T11:56:06+00:00\" \/>\n<meta name=\"twitter:card\" content=\"summary_large_image\" \/>\n<script type=\"application\/ld+json\" class=\"yoast-schema-graph\">{\"@context\":\"https:\/\/schema.org\",\"@graph\":[{\"@type\":\"WebSite\",\"@id\":\"https:\/\/panna.si\/en\/#website\",\"url\":\"https:\/\/panna.si\/en\/\",\"name\":\"Panna d.o.o.\",\"description\":\"\\u0160e eno spleti\\u0161\\u010de WordPress\",\"potentialAction\":[{\"@type\":\"SearchAction\",\"target\":{\"@type\":\"EntryPoint\",\"urlTemplate\":\"https:\/\/panna.si\/en\/?s={search_term_string}\"},\"query-input\":\"required name=search_term_string\"}],\"inLanguage\":\"en-US\"},{\"@type\":\"WebPage\",\"@id\":\"https:\/\/panna.si\/en\/report-an-error\/#webpage\",\"url\":\"https:\/\/panna.si\/en\/report-an-error\/\",\"name\":\"Report an error - Panna d.o.o.\",\"isPartOf\":{\"@id\":\"https:\/\/panna.si\/en\/#website\"},\"datePublished\":\"2022-08-02T16:26:39+00:00\",\"dateModified\":\"2022-09-30T11:56:06+00:00\",\"breadcrumb\":{\"@id\":\"https:\/\/panna.si\/en\/report-an-error\/#breadcrumb\"},\"inLanguage\":\"en-US\",\"potentialAction\":[{\"@type\":\"ReadAction\",\"target\":[\"https:\/\/panna.si\/en\/report-an-error\/\"]}]},{\"@type\":\"BreadcrumbList\",\"@id\":\"https:\/\/panna.si\/en\/report-an-error\/#breadcrumb\",\"itemListElement\":[{\"@type\":\"ListItem\",\"position\":1,\"name\":\"Home\",\"item\":\"https:\/\/panna.si\/en\/\"},{\"@type\":\"ListItem\",\"position\":2,\"name\":\"Report an error\"}]}]}<\/script>\n<!-- \/ Yoast SEO plugin. -->","yoast_head_json":{"title":"Report an error - Panna d.o.o.","robots":{"index":"index","follow":"follow","max-snippet":"max-snippet:-1","max-image-preview":"max-image-preview:large","max-video-preview":"max-video-preview:-1"},"canonical":"https:\/\/panna.si\/en\/report-an-error\/","og_locale":"en_US","og_type":"article","og_title":"Report an error - Panna d.o.o.","og_description":"[vc_row full_width=&#8221;stretch_row&#8221; el_class=&#8221;main-title-row&#8221;][vc_column][\/vc_column][\/vc_row][vc_row][vc_column width=&#8221;1\/12&#8243; offset=&#8221;vc_hidden-md vc_hidden-sm vc_hidden-xs&#8221;][\/vc_column][vc_column width=&#8221;10\/12&#8243;][\/vc_column][vc_column width=&#8221;1\/12&#8243; offset=&#8221;vc_hidden-md vc_hidden-sm vc_hidden-xs&#8221;][\/vc_column][\/vc_row][vc_row][vc_column width=&#8221;1\/12&#8243; offset=&#8221;vc_hidden-md vc_hidden-sm vc_hidden-xs&#8221;][\/vc_column][vc_column width=&#8221;10\/12&#8243;][\/vc_column][vc_column width=&#8221;1\/12&#8243; offset=&#8221;vc_hidden-md vc_hidden-sm vc_hidden-xs&#8221;][\/vc_column][\/vc_row]","og_url":"https:\/\/panna.si\/en\/report-an-error\/","og_site_name":"Panna d.o.o.","article_modified_time":"2022-09-30T11:56:06+00:00","twitter_card":"summary_large_image","schema":{"@context":"https:\/\/schema.org","@graph":[{"@type":"WebSite","@id":"https:\/\/panna.si\/en\/#website","url":"https:\/\/panna.si\/en\/","name":"Panna d.o.o.","description":"\u0160e eno spleti\u0161\u010de WordPress","potentialAction":[{"@type":"SearchAction","target":{"@type":"EntryPoint","urlTemplate":"https:\/\/panna.si\/en\/?s={search_term_string}"},"query-input":"required name=search_term_string"}],"inLanguage":"en-US"},{"@type":"WebPage","@id":"https:\/\/panna.si\/en\/report-an-error\/#webpage","url":"https:\/\/panna.si\/en\/report-an-error\/","name":"Report an error - Panna d.o.o.","isPartOf":{"@id":"https:\/\/panna.si\/en\/#website"},"datePublished":"2022-08-02T16:26:39+00:00","dateModified":"2022-09-30T11:56:06+00:00","breadcrumb":{"@id":"https:\/\/panna.si\/en\/report-an-error\/#breadcrumb"},"inLanguage":"en-US","potentialAction":[{"@type":"ReadAction","target":["https:\/\/panna.si\/en\/report-an-error\/"]}]},{"@type":"BreadcrumbList","@id":"https:\/\/panna.si\/en\/report-an-error\/#breadcrumb","itemListElement":[{"@type":"ListItem","position":1,"name":"Home","item":"https:\/\/panna.si\/en\/"},{"@type":"ListItem","position":2,"name":"Report an error"}]}]}},"_links":{"self":[{"href":"https:\/\/panna.si\/en\/wp-json\/wp\/v2\/pages\/1684"}],"collection":[{"href":"https:\/\/panna.si\/en\/wp-json\/wp\/v2\/pages"}],"about":[{"href":"https:\/\/panna.si\/en\/wp-json\/wp\/v2\/types\/page"}],"author":[{"embeddable":true,"href":"https:\/\/panna.si\/en\/wp-json\/wp\/v2\/users\/1"}],"replies":[{"embeddable":true,"href":"https:\/\/panna.si\/en\/wp-json\/wp\/v2\/comments?post=1684"}],"version-history":[{"count":3,"href":"https:\/\/panna.si\/en\/wp-json\/wp\/v2\/pages\/1684\/revisions"}],"predecessor-version":[{"id":1805,"href":"https:\/\/panna.si\/en\/wp-json\/wp\/v2\/pages\/1684\/revisions\/1805"}],"wp:attachment":[{"href":"https:\/\/panna.si\/en\/wp-json\/wp\/v2\/media?parent=1684"}],"curies":[{"name":"wp","href":"https:\/\/api.w.org\/{rel}","templated":true}]}}