{"id":1682,"date":"2022-08-12T21:55:19","date_gmt":"2022-08-12T19:55:19","guid":{"rendered":"https:\/\/panna.si\/hvala-za-oddano-povprasevanje\/"},"modified":"2022-09-30T12:38:26","modified_gmt":"2022-09-30T10:38:26","slug":"thank-you-for-your-inquiry","status":"publish","type":"page","link":"https:\/\/panna.si\/en\/thank-you-for-your-inquiry\/","title":{"rendered":"Thank you for your inquiry"},"content":{"rendered":"<p>[vc_row full_width=&#8221;stretch_row&#8221; el_class=&#8221;main-title-row&#8221;][vc_column]        \r\n        <div class=\"title-banner\">\r\n         \r\n<!--\r\n            <div class=\"title-banner-image-container\" style=\"background-image: url('https:\/\/panna.si\/wp-content\/themes\/ns-template\/img\/page_title_back.jpg');\">\r\n                              <h1>Thank you for your inquiry<\/h1>\r\n                          <\/div>\r\n    -->      \r\n        \r\n           \r\n                <div class=\"breadcrumbs-container\">\r\n                  <div class=\"breadcrumbs\">\r\n                    <p id=\"breadcrumbs\"><span><span><a href=\"https:\/\/panna.si\/en\/\">Home<\/a><\/span><\/p>                      <div class=\"clearfix\"><\/div>\r\n                    <\/div>\r\n                  <\/div>\r\n               \r\n        <\/div>\r\n        \r\n        [\/vc_column][\/vc_row][vc_row][vc_column width=&#8221;1\/12&#8243; offset=&#8221;vc_hidden-md vc_hidden-sm vc_hidden-xs&#8221;][\/vc_column][vc_column width=&#8221;10\/12&#8243;]      \r\n      <h1 class=\"post-title \">\r\n        Thank you for your inquiry      <\/h1>\r\n      \r\n      [\/vc_column][vc_column width=&#8221;1\/12&#8243; offset=&#8221;vc_hidden-md vc_hidden-sm vc_hidden-xs&#8221;][\/vc_column][\/vc_row][vc_row][vc_column][vc_empty_space][\/vc_column][\/vc_row][vc_row][vc_column width=&#8221;1\/12&#8243; offset=&#8221;vc_hidden-md vc_hidden-sm vc_hidden-xs&#8221;][\/vc_column][vc_column width=&#8221;10\/12&#8243;][vc_column_text]Thank you for your inquiry. We will answer you as soon as possible.<\/p>\n<p>Panna d.o.o.[\/vc_column_text][\/vc_column][vc_column width=&#8221;1\/12&#8243; offset=&#8221;vc_hidden-md vc_hidden-sm vc_hidden-xs&#8221;][\/vc_column][\/vc_row]<\/p>\n","protected":false},"excerpt":{"rendered":"<p>[vc_row full_width=&#8221;stretch_row&#8221; el_class=&#8221;main-title-row&#8221;][vc_column][\/vc_column][\/vc_row][vc_row][vc_column width=&#8221;1\/12&#8243; offset=&#8221;vc_hidden-md vc_hidden-sm vc_hidden-xs&#8221;][\/vc_column][vc_column width=&#8221;10\/12&#8243;][\/vc_column][vc_column width=&#8221;1\/12&#8243; offset=&#8221;vc_hidden-md vc_hidden-sm vc_hidden-xs&#8221;][\/vc_column][\/vc_row][vc_row][vc_column][vc_empty_space][\/vc_column][\/vc_row][vc_row][vc_column width=&#8221;1\/12&#8243; offset=&#8221;vc_hidden-md vc_hidden-sm vc_hidden-xs&#8221;][\/vc_column][vc_column width=&#8221;10\/12&#8243;][vc_column_text]Thank you for your inquiry. We will answer you as soon as possible. Panna d.o.o.[\/vc_column_text][\/vc_column][vc_column width=&#8221;1\/12&#8243; offset=&#8221;vc_hidden-md vc_hidden-sm vc_hidden-xs&#8221;][\/vc_column][\/vc_row]<\/p>\n","protected":false},"author":1,"featured_media":0,"parent":0,"menu_order":9,"comment_status":"closed","ping_status":"closed","template":"","meta":[],"yoast_head":"<!-- This site is optimized with the Yoast SEO plugin v17.3 - https:\/\/yoast.com\/wordpress\/plugins\/seo\/ -->\n<title>Thank you for your inquiry - Panna d.o.o.<\/title>\n<meta name=\"description\" content=\"Thank you for your inquiry. We will answer you as soon as possible. Panna d.o.o.\" \/>\n<meta name=\"robots\" content=\"index, follow, max-snippet:-1, max-image-preview:large, max-video-preview:-1\" \/>\n<link rel=\"canonical\" href=\"https:\/\/panna.si\/en\/thank-you-for-your-inquiry\/\" \/>\n<meta property=\"og:locale\" content=\"en_US\" \/>\n<meta property=\"og:type\" content=\"article\" \/>\n<meta property=\"og:title\" content=\"Thank you for your inquiry - Panna d.o.o.\" \/>\n<meta property=\"og:description\" content=\"[vc_row full_width=&#8221;stretch_row&#8221; el_class=&#8221;main-title-row&#8221;][vc_column][\/vc_column][\/vc_row][vc_row][vc_column width=&#8221;1\/12&#8243; offset=&#8221;vc_hidden-md vc_hidden-sm vc_hidden-xs&#8221;][\/vc_column][vc_column width=&#8221;10\/12&#8243;][\/vc_column][vc_column width=&#8221;1\/12&#8243; offset=&#8221;vc_hidden-md vc_hidden-sm vc_hidden-xs&#8221;][\/vc_column][\/vc_row][vc_row][vc_column][vc_empty_space][\/vc_column][\/vc_row][vc_row][vc_column width=&#8221;1\/12&#8243; offset=&#8221;vc_hidden-md vc_hidden-sm vc_hidden-xs&#8221;][\/vc_column][vc_column width=&#8221;10\/12&#8243;][vc_column_text]Thank you for your inquiry. We will answer you as soon as possible. Panna d.o.o.[\/vc_column_text][\/vc_column][vc_column width=&#8221;1\/12&#8243; offset=&#8221;vc_hidden-md vc_hidden-sm vc_hidden-xs&#8221;][\/vc_column][\/vc_row]\" \/>\n<meta property=\"og:url\" content=\"https:\/\/panna.si\/en\/thank-you-for-your-inquiry\/\" \/>\n<meta property=\"og:site_name\" content=\"Panna d.o.o.\" \/>\n<meta property=\"article:modified_time\" content=\"2022-09-30T10:38:26+00:00\" \/>\n<meta name=\"twitter:card\" content=\"summary_large_image\" \/>\n<meta name=\"twitter:label1\" content=\"Est. reading time\" \/>\n\t<meta name=\"twitter:data1\" content=\"1 minute\" \/>\n<script type=\"application\/ld+json\" class=\"yoast-schema-graph\">{\"@context\":\"https:\/\/schema.org\",\"@graph\":[{\"@type\":\"WebSite\",\"@id\":\"https:\/\/panna.si\/en\/#website\",\"url\":\"https:\/\/panna.si\/en\/\",\"name\":\"Panna d.o.o.\",\"description\":\"\\u0160e eno spleti\\u0161\\u010de WordPress\",\"potentialAction\":[{\"@type\":\"SearchAction\",\"target\":{\"@type\":\"EntryPoint\",\"urlTemplate\":\"https:\/\/panna.si\/en\/?s={search_term_string}\"},\"query-input\":\"required name=search_term_string\"}],\"inLanguage\":\"en-US\"},{\"@type\":\"WebPage\",\"@id\":\"https:\/\/panna.si\/en\/thank-you-for-your-inquiry\/#webpage\",\"url\":\"https:\/\/panna.si\/en\/thank-you-for-your-inquiry\/\",\"name\":\"Thank you for your inquiry - Panna d.o.o.\",\"isPartOf\":{\"@id\":\"https:\/\/panna.si\/en\/#website\"},\"datePublished\":\"2022-08-12T19:55:19+00:00\",\"dateModified\":\"2022-09-30T10:38:26+00:00\",\"breadcrumb\":{\"@id\":\"https:\/\/panna.si\/en\/thank-you-for-your-inquiry\/#breadcrumb\"},\"inLanguage\":\"en-US\",\"potentialAction\":[{\"@type\":\"ReadAction\",\"target\":[\"https:\/\/panna.si\/en\/thank-you-for-your-inquiry\/\"]}]},{\"@type\":\"BreadcrumbList\",\"@id\":\"https:\/\/panna.si\/en\/thank-you-for-your-inquiry\/#breadcrumb\",\"itemListElement\":[{\"@type\":\"ListItem\",\"position\":1,\"name\":\"Home\",\"item\":\"https:\/\/panna.si\/en\/\"},{\"@type\":\"ListItem\",\"position\":2,\"name\":\"Thank you for your inquiry\"}]}]}<\/script>\n<!-- \/ Yoast SEO plugin. -->","yoast_head_json":{"title":"Thank you for your inquiry - Panna d.o.o.","description":"Thank you for your inquiry. We will answer you as soon as possible. Panna d.o.o.","robots":{"index":"index","follow":"follow","max-snippet":"max-snippet:-1","max-image-preview":"max-image-preview:large","max-video-preview":"max-video-preview:-1"},"canonical":"https:\/\/panna.si\/en\/thank-you-for-your-inquiry\/","og_locale":"en_US","og_type":"article","og_title":"Thank you for your inquiry - Panna d.o.o.","og_description":"[vc_row full_width=&#8221;stretch_row&#8221; el_class=&#8221;main-title-row&#8221;][vc_column][\/vc_column][\/vc_row][vc_row][vc_column width=&#8221;1\/12&#8243; offset=&#8221;vc_hidden-md vc_hidden-sm vc_hidden-xs&#8221;][\/vc_column][vc_column width=&#8221;10\/12&#8243;][\/vc_column][vc_column width=&#8221;1\/12&#8243; offset=&#8221;vc_hidden-md vc_hidden-sm vc_hidden-xs&#8221;][\/vc_column][\/vc_row][vc_row][vc_column][vc_empty_space][\/vc_column][\/vc_row][vc_row][vc_column width=&#8221;1\/12&#8243; offset=&#8221;vc_hidden-md vc_hidden-sm vc_hidden-xs&#8221;][\/vc_column][vc_column width=&#8221;10\/12&#8243;][vc_column_text]Thank you for your inquiry. We will answer you as soon as possible. Panna d.o.o.[\/vc_column_text][\/vc_column][vc_column width=&#8221;1\/12&#8243; offset=&#8221;vc_hidden-md vc_hidden-sm vc_hidden-xs&#8221;][\/vc_column][\/vc_row]","og_url":"https:\/\/panna.si\/en\/thank-you-for-your-inquiry\/","og_site_name":"Panna d.o.o.","article_modified_time":"2022-09-30T10:38:26+00:00","twitter_card":"summary_large_image","twitter_misc":{"Est. reading time":"1 minute"},"schema":{"@context":"https:\/\/schema.org","@graph":[{"@type":"WebSite","@id":"https:\/\/panna.si\/en\/#website","url":"https:\/\/panna.si\/en\/","name":"Panna d.o.o.","description":"\u0160e eno spleti\u0161\u010de WordPress","potentialAction":[{"@type":"SearchAction","target":{"@type":"EntryPoint","urlTemplate":"https:\/\/panna.si\/en\/?s={search_term_string}"},"query-input":"required name=search_term_string"}],"inLanguage":"en-US"},{"@type":"WebPage","@id":"https:\/\/panna.si\/en\/thank-you-for-your-inquiry\/#webpage","url":"https:\/\/panna.si\/en\/thank-you-for-your-inquiry\/","name":"Thank you for your inquiry - Panna d.o.o.","isPartOf":{"@id":"https:\/\/panna.si\/en\/#website"},"datePublished":"2022-08-12T19:55:19+00:00","dateModified":"2022-09-30T10:38:26+00:00","breadcrumb":{"@id":"https:\/\/panna.si\/en\/thank-you-for-your-inquiry\/#breadcrumb"},"inLanguage":"en-US","potentialAction":[{"@type":"ReadAction","target":["https:\/\/panna.si\/en\/thank-you-for-your-inquiry\/"]}]},{"@type":"BreadcrumbList","@id":"https:\/\/panna.si\/en\/thank-you-for-your-inquiry\/#breadcrumb","itemListElement":[{"@type":"ListItem","position":1,"name":"Home","item":"https:\/\/panna.si\/en\/"},{"@type":"ListItem","position":2,"name":"Thank you for your inquiry"}]}]}},"_links":{"self":[{"href":"https:\/\/panna.si\/en\/wp-json\/wp\/v2\/pages\/1682"}],"collection":[{"href":"https:\/\/panna.si\/en\/wp-json\/wp\/v2\/pages"}],"about":[{"href":"https:\/\/panna.si\/en\/wp-json\/wp\/v2\/types\/page"}],"author":[{"embeddable":true,"href":"https:\/\/panna.si\/en\/wp-json\/wp\/v2\/users\/1"}],"replies":[{"embeddable":true,"href":"https:\/\/panna.si\/en\/wp-json\/wp\/v2\/comments?post=1682"}],"version-history":[{"count":4,"href":"https:\/\/panna.si\/en\/wp-json\/wp\/v2\/pages\/1682\/revisions"}],"predecessor-version":[{"id":1790,"href":"https:\/\/panna.si\/en\/wp-json\/wp\/v2\/pages\/1682\/revisions\/1790"}],"wp:attachment":[{"href":"https:\/\/panna.si\/en\/wp-json\/wp\/v2\/media?parent=1682"}],"curies":[{"name":"wp","href":"https:\/\/api.w.org\/{rel}","templated":true}]}}