{"id":1681,"date":"2022-08-17T21:49:56","date_gmt":"2022-08-17T19:49:56","guid":{"rendered":"https:\/\/panna.si\/avtorji\/"},"modified":"2022-09-30T12:29:57","modified_gmt":"2022-09-30T10:29:57","slug":"authors","status":"publish","type":"page","link":"https:\/\/panna.si\/en\/authors\/","title":{"rendered":"Authors"},"content":{"rendered":"<p>[vc_row][vc_column]        \r\n        <div class=\"title-banner\">\r\n         \r\n<!--\r\n            <div class=\"title-banner-image-container\" style=\"background-image: url('https:\/\/panna.si\/wp-content\/themes\/ns-template\/img\/page_title_back.jpg');\">\r\n                              <h1>Authors<\/h1>\r\n                          <\/div>\r\n    -->      \r\n        \r\n           \r\n                <div class=\"breadcrumbs-container\">\r\n                  <div class=\"breadcrumbs\">\r\n                    <p id=\"breadcrumbs\"><span><span><a href=\"https:\/\/panna.si\/en\/\">Home<\/a><\/span><\/p>                      <div class=\"clearfix\"><\/div>\r\n                    <\/div>\r\n                  <\/div>\r\n               \r\n        <\/div>\r\n        \r\n        [\/vc_column][\/vc_row][vc_row][vc_column]      \r\n      <h1 class=\"post-title single-page-title\">\r\n        Authors      <\/h1>\r\n      \r\n      [\/vc_column][\/vc_row][vc_row el_class=&#8221;avtorji&#8221;][vc_column][vc_column_text]<\/p>\n<h2>Website content<\/h2>\n<p>The texts and pictorial material on the website were prepared by the company <strong>Panna d.o.o.<\/strong>.<\/p>\n<h2>Creating and designing a website<\/h2>\n<p>When setting up a website, it is a<strong>\u00a0digital agency <span style=\"color: #f56702;\">novi<\/span>Splet <\/strong>took care of:<\/p>\n<ul>\n<li>user experience design,<\/li>\n<li>web design,<\/li>\n<li>technical implementation,<\/li>\n<li>implementation of the entire project.<\/li>\n<\/ul>\n<p><a href=\"https:\/\/www.novisplet.eu\/website-development\" target=\"_blank\" rel=\"noopener\">Ecommerce development<\/a> is the main activity of the digital agency noviSplet, which increases sales and reputation of companies online with comprehensive online solutions.<\/p>\n<p>Read more at <a href=\"https:\/\/www.novisplet.eu\/\" target=\"_blank\" rel=\"noopener\"><strong>www.novisplet.eu<\/strong><\/a>[\/vc_column_text][\/vc_column][\/vc_row]<\/p>\n","protected":false},"excerpt":{"rendered":"<p>[vc_row][vc_column][\/vc_column][\/vc_row][vc_row][vc_column][\/vc_column][\/vc_row][vc_row el_class=&#8221;avtorji&#8221;][vc_column][vc_column_text] Website content The texts and pictorial material on the website were prepared by the company Panna d.o.o.. Creating and designing a website When setting up a website, it is a\u00a0digital agency noviSplet took care of: user experience design, web design, technical implementation, implementation of the entire project. Ecommerce development is the main activity of the digital agency noviSplet, which increases sales and reputation of companies online with comprehensive online solutions. Read more at www.novisplet.eu[\/vc_column_text][\/vc_column][\/vc_row]<\/p>\n","protected":false},"author":1,"featured_media":0,"parent":0,"menu_order":17,"comment_status":"closed","ping_status":"closed","template":"","meta":[],"yoast_head":"<!-- This site is optimized with the Yoast SEO plugin v17.3 - https:\/\/yoast.com\/wordpress\/plugins\/seo\/ -->\n<title>Authors - Panna d.o.o.<\/title>\n<meta name=\"description\" content=\"Website content The texts and pictorial material on the website were prepared by the company Panna d.o.o.. Creating and designing a website When setting up a website, it is a\u00a0digital\" \/>\n<meta name=\"robots\" content=\"index, follow, max-snippet:-1, max-image-preview:large, max-video-preview:-1\" \/>\n<link rel=\"canonical\" href=\"https:\/\/panna.si\/en\/authors\/\" \/>\n<meta property=\"og:locale\" content=\"en_US\" \/>\n<meta property=\"og:type\" content=\"article\" \/>\n<meta property=\"og:title\" content=\"Authors - Panna d.o.o.\" \/>\n<meta property=\"og:description\" content=\"[vc_row][vc_column][\/vc_column][\/vc_row][vc_row][vc_column][\/vc_column][\/vc_row][vc_row el_class=&#8221;avtorji&#8221;][vc_column][vc_column_text] Website content The texts and pictorial material on the website were prepared by the company Panna d.o.o.. Creating and designing a website When setting up a website, it is a\u00a0digital agency noviSplet took care of: user experience design, web design, technical implementation, implementation of the entire project. Ecommerce development is the main activity of the digital agency noviSplet, which increases sales and reputation of companies online with comprehensive online solutions. Read more at www.novisplet.eu[\/vc_column_text][\/vc_column][\/vc_row]\" \/>\n<meta property=\"og:url\" content=\"https:\/\/panna.si\/en\/authors\/\" \/>\n<meta property=\"og:site_name\" content=\"Panna d.o.o.\" \/>\n<meta property=\"article:modified_time\" content=\"2022-09-30T10:29:57+00:00\" \/>\n<meta name=\"twitter:card\" content=\"summary_large_image\" \/>\n<meta name=\"twitter:label1\" content=\"Est. reading time\" \/>\n\t<meta name=\"twitter:data1\" content=\"1 minute\" \/>\n<script type=\"application\/ld+json\" class=\"yoast-schema-graph\">{\"@context\":\"https:\/\/schema.org\",\"@graph\":[{\"@type\":\"WebSite\",\"@id\":\"https:\/\/panna.si\/en\/#website\",\"url\":\"https:\/\/panna.si\/en\/\",\"name\":\"Panna d.o.o.\",\"description\":\"\\u0160e eno spleti\\u0161\\u010de WordPress\",\"potentialAction\":[{\"@type\":\"SearchAction\",\"target\":{\"@type\":\"EntryPoint\",\"urlTemplate\":\"https:\/\/panna.si\/en\/?s={search_term_string}\"},\"query-input\":\"required name=search_term_string\"}],\"inLanguage\":\"en-US\"},{\"@type\":\"WebPage\",\"@id\":\"https:\/\/panna.si\/en\/authors\/#webpage\",\"url\":\"https:\/\/panna.si\/en\/authors\/\",\"name\":\"Authors - Panna d.o.o.\",\"isPartOf\":{\"@id\":\"https:\/\/panna.si\/en\/#website\"},\"datePublished\":\"2022-08-17T19:49:56+00:00\",\"dateModified\":\"2022-09-30T10:29:57+00:00\",\"breadcrumb\":{\"@id\":\"https:\/\/panna.si\/en\/authors\/#breadcrumb\"},\"inLanguage\":\"en-US\",\"potentialAction\":[{\"@type\":\"ReadAction\",\"target\":[\"https:\/\/panna.si\/en\/authors\/\"]}]},{\"@type\":\"BreadcrumbList\",\"@id\":\"https:\/\/panna.si\/en\/authors\/#breadcrumb\",\"itemListElement\":[{\"@type\":\"ListItem\",\"position\":1,\"name\":\"Home\",\"item\":\"https:\/\/panna.si\/en\/\"},{\"@type\":\"ListItem\",\"position\":2,\"name\":\"Authors\"}]}]}<\/script>\n<!-- \/ Yoast SEO plugin. -->","yoast_head_json":{"title":"Authors - Panna d.o.o.","description":"Website content The texts and pictorial material on the website were prepared by the company Panna d.o.o.. Creating and designing a website When setting up a website, it is a\u00a0digital","robots":{"index":"index","follow":"follow","max-snippet":"max-snippet:-1","max-image-preview":"max-image-preview:large","max-video-preview":"max-video-preview:-1"},"canonical":"https:\/\/panna.si\/en\/authors\/","og_locale":"en_US","og_type":"article","og_title":"Authors - Panna d.o.o.","og_description":"[vc_row][vc_column][\/vc_column][\/vc_row][vc_row][vc_column][\/vc_column][\/vc_row][vc_row el_class=&#8221;avtorji&#8221;][vc_column][vc_column_text] Website content The texts and pictorial material on the website were prepared by the company Panna d.o.o.. Creating and designing a website When setting up a website, it is a\u00a0digital agency noviSplet took care of: user experience design, web design, technical implementation, implementation of the entire project. Ecommerce development is the main activity of the digital agency noviSplet, which increases sales and reputation of companies online with comprehensive online solutions. Read more at www.novisplet.eu[\/vc_column_text][\/vc_column][\/vc_row]","og_url":"https:\/\/panna.si\/en\/authors\/","og_site_name":"Panna d.o.o.","article_modified_time":"2022-09-30T10:29:57+00:00","twitter_card":"summary_large_image","twitter_misc":{"Est. reading time":"1 minute"},"schema":{"@context":"https:\/\/schema.org","@graph":[{"@type":"WebSite","@id":"https:\/\/panna.si\/en\/#website","url":"https:\/\/panna.si\/en\/","name":"Panna d.o.o.","description":"\u0160e eno spleti\u0161\u010de WordPress","potentialAction":[{"@type":"SearchAction","target":{"@type":"EntryPoint","urlTemplate":"https:\/\/panna.si\/en\/?s={search_term_string}"},"query-input":"required name=search_term_string"}],"inLanguage":"en-US"},{"@type":"WebPage","@id":"https:\/\/panna.si\/en\/authors\/#webpage","url":"https:\/\/panna.si\/en\/authors\/","name":"Authors - Panna d.o.o.","isPartOf":{"@id":"https:\/\/panna.si\/en\/#website"},"datePublished":"2022-08-17T19:49:56+00:00","dateModified":"2022-09-30T10:29:57+00:00","breadcrumb":{"@id":"https:\/\/panna.si\/en\/authors\/#breadcrumb"},"inLanguage":"en-US","potentialAction":[{"@type":"ReadAction","target":["https:\/\/panna.si\/en\/authors\/"]}]},{"@type":"BreadcrumbList","@id":"https:\/\/panna.si\/en\/authors\/#breadcrumb","itemListElement":[{"@type":"ListItem","position":1,"name":"Home","item":"https:\/\/panna.si\/en\/"},{"@type":"ListItem","position":2,"name":"Authors"}]}]}},"_links":{"self":[{"href":"https:\/\/panna.si\/en\/wp-json\/wp\/v2\/pages\/1681"}],"collection":[{"href":"https:\/\/panna.si\/en\/wp-json\/wp\/v2\/pages"}],"about":[{"href":"https:\/\/panna.si\/en\/wp-json\/wp\/v2\/types\/page"}],"author":[{"embeddable":true,"href":"https:\/\/panna.si\/en\/wp-json\/wp\/v2\/users\/1"}],"replies":[{"embeddable":true,"href":"https:\/\/panna.si\/en\/wp-json\/wp\/v2\/comments?post=1681"}],"version-history":[{"count":4,"href":"https:\/\/panna.si\/en\/wp-json\/wp\/v2\/pages\/1681\/revisions"}],"predecessor-version":[{"id":1768,"href":"https:\/\/panna.si\/en\/wp-json\/wp\/v2\/pages\/1681\/revisions\/1768"}],"wp:attachment":[{"href":"https:\/\/panna.si\/en\/wp-json\/wp\/v2\/media?parent=1681"}],"curies":[{"name":"wp","href":"https:\/\/api.w.org\/{rel}","templated":true}]}}